{"id":15,"date":"2021-11-22T22:04:27","date_gmt":"2021-11-22T21:04:27","guid":{"rendered":"https:\/\/www.zskovarska.troxstore.cz\/?page_id=15"},"modified":"2021-12-13T21:25:25","modified_gmt":"2021-12-13T20:25:25","slug":"skolni-druzina","status":"publish","type":"page","link":"https:\/\/www.zskovarska.cz\/?page_id=15","title":{"rendered":"\u0160koln\u00ed dru\u017eina"},"content":{"rendered":"<p>[et_pb_section fb_built=&#8220;1&#8243; fullwidth=&#8220;on&#8220; _builder_version=&#8220;4.14.2&#8243; _module_preset=&#8220;default&#8220; positioning=&#8220;none&#8220; global_module=&#8220;269&#8243; saved_tabs=&#8220;all&#8220; global_colors_info=&#8220;{}&#8220;][et_pb_fullwidth_image src=&#8220;https:\/\/www.zskovarska.cz\/wp-content\/uploads\/2021\/12\/hlavicka_zskovar.jpg&#8220; title_text=&#8220;hlavi\u010dka_zskovar&#8220; _builder_version=&#8220;4.14.2&#8243; _module_preset=&#8220;default&#8220; positioning=&#8220;none&#8220; max_width=&#8220;100%&#8220; module_alignment=&#8220;center&#8220; global_colors_info=&#8220;{}&#8220;][\/et_pb_fullwidth_image][et_pb_fullwidth_menu menu_style=&#8220;centered&#8220; fullwidth_menu=&#8220;on&#8220; active_link_color=&#8220;#328916&#8243; dropdown_menu_bg_color=&#8220;#bc9c1c&#8220; dropdown_menu_line_color=&#8220;#418e18&#8243; _builder_version=&#8220;4.14.2&#8243; _module_preset=&#8220;default&#8220; menu_font=&#8220;ABeeZee|700||on|||||&#8220; menu_text_color=&#8220;#000000&#8243; menu_font_size=&#8220;16px&#8220; background_enable_color=&#8220;off&#8220; use_background_color_gradient=&#8220;on&#8220; background_color_gradient_start=&#8220;#dae02c&#8220; background_color_gradient_end=&#8220;#bc9c1c&#8220; global_colors_info=&#8220;{}&#8220;][\/et_pb_fullwidth_menu][\/et_pb_section][et_pb_section fb_built=&#8220;1&#8243; _builder_version=&#8220;4.14.2&#8243; _module_preset=&#8220;default&#8220; custom_padding=&#8220;||159px|||&#8220; top_divider_style=&#8220;slant2&#8243; top_divider_color=&#8220;#bc9c1c&#8220; top_divider_height=&#8220;59px&#8220; top_divider_repeat=&#8220;1x&#8220; global_colors_info=&#8220;{}&#8220;][et_pb_row column_structure=&#8220;1_2,1_2&#8243; _builder_version=&#8220;4.14.2&#8243; _module_preset=&#8220;default&#8220; global_colors_info=&#8220;{}&#8220;][et_pb_column type=&#8220;1_2&#8243; _builder_version=&#8220;4.14.2&#8243; _module_preset=&#8220;default&#8220; global_colors_info=&#8220;{}&#8220;][et_pb_gallery gallery_ids=&#8220;82,83,84,85&#8243; show_title_and_caption=&#8220;off&#8220; show_pagination=&#8220;off&#8220; _builder_version=&#8220;4.14.2&#8243; _module_preset=&#8220;default&#8220; global_colors_info=&#8220;{}&#8220;][\/et_pb_gallery][et_pb_text _builder_version=&#8220;4.14.2&#8243; _module_preset=&#8220;default&#8220; hover_enabled=&#8220;0&#8243; sticky_enabled=&#8220;0&#8243;]<\/p>\n<p><strong>Kontakt:<\/strong><\/p>\n<div class=\"et_pb_module et_pb_text et_pb_text_5  et_pb_text_align_left et_pb_bg_layout_light\">\n<div class=\"et_pb_text_inner\">\n<p>Tel:<span>\u00a0<\/span><span>733 198 180<\/span><\/p>\n<\/div>\n<\/div>\n<p>[\/et_pb_text][\/et_pb_column][et_pb_column type=&#8220;1_2&#8243; _builder_version=&#8220;4.14.2&#8243; _module_preset=&#8220;default&#8220; global_colors_info=&#8220;{}&#8220;][et_pb_text _builder_version=&#8220;4.14.2&#8243; _module_preset=&#8220;default&#8220; global_colors_info=&#8220;{}&#8220;]<\/p>\n<p><em><strong>V\u00cdTEJTE V NA\u0160\u00cd \u0160KOLN\u00cd DRU\u017dIN\u011a<\/strong><\/em><br \/><em>Jsme za\u0159\u00edzen\u00ed voln\u00e9ho \u010dasu s dlouholetou tradic\u00ed. <\/em><br \/><em>Sna\u017e\u00edme se \u017e\u00e1k\u016fm zabezpe\u010dit odpo\u010dinek, rekreaci a <\/em><br \/><em>z\u00e1jmovou \u010dinnost v dob\u011b p\u0159ed a po vyu\u010dov\u00e1n\u00ed.<\/em><br \/><em>V minulosti byla \u0161koln\u00ed dru\u017eina um\u00edst\u011bna postupn\u011b ve <\/em><br \/><em>dvou \u0161kole soused\u00edc\u00edch budov\u00e1ch. Nyn\u00ed se nach\u00e1z\u00ed v <\/em><br \/><em>budov\u011b \u0161koly. M\u00e1me dv\u011b odd\u011blen\u00ed, kter\u00e1 nav\u0161t\u011bvuj\u00ed \u017e\u00e1ci 1. &#8211;<\/em><br \/><em>9. t\u0159\u00eddy (u 2.stupn\u011b se jedn\u00e1 p\u0159edev\u0161\u00edm o doj\u00ed\u017ed\u011bj\u00edc\u00ed \u017e\u00e1ky) <\/em><br \/><em>Odd\u011blen\u00ed jsou vybavena s ohledem na v\u011bk a pot\u0159eby \u017e\u00e1k\u016f. <\/em><br \/><em>K dispozici jsou spole\u010densk\u00e9 hry, hra\u010dky, knihy, interaktivn\u00ed <\/em><br \/><em>tabule a televize. M\u016f\u017eeme vyu\u017e\u00edvat pracovnu, t\u011blocvi\u010dnu, <\/em><br \/><em>pracovnu informatiky a \u0161koln\u00ed h\u0159i\u0161t\u011b v are\u00e1lu zahrady.<\/em><br \/><em>\u017d\u00e1k\u016fm se v\u011bnuj\u00ed dv\u011b pln\u011b kvalifikovan\u00e9 vychovatelky. <\/em><br \/><em>\u010cinnost je prov\u00e1d\u011bna podle \u0160koln\u00edho vzd\u011bl\u00e1vac\u00edho <\/em><br \/><em>programu \u0161koln\u00ed dru\u017einy &#8211; \u0160kola hrou a je bez \u00faplaty.<\/em><br \/><em>Ob\u011b vychovatelky se sna\u017e\u00ed vytvo\u0159it pro \u017e\u00e1ky p\u0159\u00e1telsk\u00e9 <\/em><br \/><em>prost\u0159ed\u00ed a jsou nejen \u017e\u00e1k\u016fm, ale i rodi\u010d\u016fm pln\u011b k <\/em><br \/><em>dispozici.<\/em><br \/><em>T\u011b\u0161\u00edme se na V\u00e1s&#8230;<\/em><\/p>\n<p>[\/et_pb_text][\/et_pb_column][\/et_pb_row][\/et_pb_section]<\/p>\n","protected":false},"excerpt":{"rendered":"<p>Kontakt: Tel:\u00a0733 198 180 V\u00cdTEJTE V NA\u0160\u00cd \u0160KOLN\u00cd DRU\u017dIN\u011aJsme za\u0159\u00edzen\u00ed voln\u00e9ho \u010dasu s dlouholetou tradic\u00ed. Sna\u017e\u00edme se \u017e\u00e1k\u016fm zabezpe\u010dit odpo\u010dinek, rekreaci a z\u00e1jmovou \u010dinnost v dob\u011b p\u0159ed a po vyu\u010dov\u00e1n\u00ed.V minulosti byla \u0161koln\u00ed dru\u017eina um\u00edst\u011bna postupn\u011b ve dvou \u0161kole soused\u00edc\u00edch budov\u00e1ch. Nyn\u00ed se nach\u00e1z\u00ed v budov\u011b \u0161koly. M\u00e1me dv\u011b odd\u011blen\u00ed, kter\u00e1 nav\u0161t\u011bvuj\u00ed \u017e\u00e1ci 1. -9. [&hellip;]<\/p>\n","protected":false},"author":1,"featured_media":0,"parent":0,"menu_order":0,"comment_status":"closed","ping_status":"closed","template":"page-template-blank.php","meta":{"_et_pb_use_builder":"on","_et_pb_old_content":"<!-- wp:divi\/placeholder \/-->","_et_gb_content_width":"","footnotes":""},"class_list":["post-15","page","type-page","status-publish","hentry"],"yoast_head":"<!-- This site is optimized with the Yoast SEO plugin v27.5 - https:\/\/yoast.com\/product\/yoast-seo-wordpress\/ -->\n<title>\u0160koln\u00ed dru\u017eina - Z\u0160 a M\u0160 Kov\u00e1\u0159sk\u00e1<\/title>\n<meta name=\"robots\" content=\"index, follow, max-snippet:-1, max-image-preview:large, max-video-preview:-1\" \/>\n<link rel=\"canonical\" href=\"https:\/\/www.zskovarska.cz\/?page_id=15\" \/>\n<meta property=\"og:locale\" content=\"cs_CZ\" \/>\n<meta property=\"og:type\" content=\"article\" \/>\n<meta property=\"og:title\" content=\"\u0160koln\u00ed dru\u017eina - Z\u0160 a M\u0160 Kov\u00e1\u0159sk\u00e1\" \/>\n<meta property=\"og:description\" content=\"Kontakt: Tel:\u00a0733 198 180 V\u00cdTEJTE V NA\u0160\u00cd \u0160KOLN\u00cd DRU\u017dIN\u011aJsme za\u0159\u00edzen\u00ed voln\u00e9ho \u010dasu s dlouholetou tradic\u00ed. Sna\u017e\u00edme se \u017e\u00e1k\u016fm zabezpe\u010dit odpo\u010dinek, rekreaci a z\u00e1jmovou \u010dinnost v dob\u011b p\u0159ed a po vyu\u010dov\u00e1n\u00ed.V minulosti byla \u0161koln\u00ed dru\u017eina um\u00edst\u011bna postupn\u011b ve dvou \u0161kole soused\u00edc\u00edch budov\u00e1ch. Nyn\u00ed se nach\u00e1z\u00ed v budov\u011b \u0161koly. M\u00e1me dv\u011b odd\u011blen\u00ed, kter\u00e1 nav\u0161t\u011bvuj\u00ed \u017e\u00e1ci 1. -9. [&hellip;]\" \/>\n<meta property=\"og:url\" content=\"https:\/\/www.zskovarska.cz\/?page_id=15\" \/>\n<meta property=\"og:site_name\" content=\"Z\u0160 a M\u0160 Kov\u00e1\u0159sk\u00e1\" \/>\n<meta property=\"article:modified_time\" content=\"2021-12-13T20:25:25+00:00\" \/>\n<meta name=\"twitter:card\" content=\"summary_large_image\" \/>\n<meta name=\"twitter:label1\" content=\"Odhadovan\u00e1 doba \u010dten\u00ed\" \/>\n\t<meta name=\"twitter:data1\" content=\"2 minuty\" \/>\n<script type=\"application\/ld+json\" class=\"yoast-schema-graph\">{\"@context\":\"https:\\\/\\\/schema.org\",\"@graph\":[{\"@type\":\"WebPage\",\"@id\":\"https:\\\/\\\/www.zskovarska.cz\\\/?page_id=15\",\"url\":\"https:\\\/\\\/www.zskovarska.cz\\\/?page_id=15\",\"name\":\"\u0160koln\u00ed dru\u017eina - Z\u0160 a M\u0160 Kov\u00e1\u0159sk\u00e1\",\"isPartOf\":{\"@id\":\"https:\\\/\\\/www.zskovarska.cz\\\/#website\"},\"datePublished\":\"2021-11-22T21:04:27+00:00\",\"dateModified\":\"2021-12-13T20:25:25+00:00\",\"breadcrumb\":{\"@id\":\"https:\\\/\\\/www.zskovarska.cz\\\/?page_id=15#breadcrumb\"},\"inLanguage\":\"cs\",\"potentialAction\":[{\"@type\":\"ReadAction\",\"target\":[\"https:\\\/\\\/www.zskovarska.cz\\\/?page_id=15\"]}]},{\"@type\":\"BreadcrumbList\",\"@id\":\"https:\\\/\\\/www.zskovarska.cz\\\/?page_id=15#breadcrumb\",\"itemListElement\":[{\"@type\":\"ListItem\",\"position\":1,\"name\":\"Dom\u016f\",\"item\":\"https:\\\/\\\/www.zskovarska.cz\\\/\"},{\"@type\":\"ListItem\",\"position\":2,\"name\":\"\u0160koln\u00ed dru\u017eina\"}]},{\"@type\":\"WebSite\",\"@id\":\"https:\\\/\\\/www.zskovarska.cz\\\/#website\",\"url\":\"https:\\\/\\\/www.zskovarska.cz\\\/\",\"name\":\"Z\u0160 a M\u0160 Kov\u00e1\u0159sk\u00e1\",\"description\":\"\",\"potentialAction\":[{\"@type\":\"SearchAction\",\"target\":{\"@type\":\"EntryPoint\",\"urlTemplate\":\"https:\\\/\\\/www.zskovarska.cz\\\/?s={search_term_string}\"},\"query-input\":{\"@type\":\"PropertyValueSpecification\",\"valueRequired\":true,\"valueName\":\"search_term_string\"}}],\"inLanguage\":\"cs\"}]}<\/script>\n<!-- \/ Yoast SEO plugin. -->","yoast_head_json":{"title":"\u0160koln\u00ed dru\u017eina - Z\u0160 a M\u0160 Kov\u00e1\u0159sk\u00e1","robots":{"index":"index","follow":"follow","max-snippet":"max-snippet:-1","max-image-preview":"max-image-preview:large","max-video-preview":"max-video-preview:-1"},"canonical":"https:\/\/www.zskovarska.cz\/?page_id=15","og_locale":"cs_CZ","og_type":"article","og_title":"\u0160koln\u00ed dru\u017eina - Z\u0160 a M\u0160 Kov\u00e1\u0159sk\u00e1","og_description":"Kontakt: Tel:\u00a0733 198 180 V\u00cdTEJTE V NA\u0160\u00cd \u0160KOLN\u00cd DRU\u017dIN\u011aJsme za\u0159\u00edzen\u00ed voln\u00e9ho \u010dasu s dlouholetou tradic\u00ed. Sna\u017e\u00edme se \u017e\u00e1k\u016fm zabezpe\u010dit odpo\u010dinek, rekreaci a z\u00e1jmovou \u010dinnost v dob\u011b p\u0159ed a po vyu\u010dov\u00e1n\u00ed.V minulosti byla \u0161koln\u00ed dru\u017eina um\u00edst\u011bna postupn\u011b ve dvou \u0161kole soused\u00edc\u00edch budov\u00e1ch. Nyn\u00ed se nach\u00e1z\u00ed v budov\u011b \u0161koly. M\u00e1me dv\u011b odd\u011blen\u00ed, kter\u00e1 nav\u0161t\u011bvuj\u00ed \u017e\u00e1ci 1. -9. [&hellip;]","og_url":"https:\/\/www.zskovarska.cz\/?page_id=15","og_site_name":"Z\u0160 a M\u0160 Kov\u00e1\u0159sk\u00e1","article_modified_time":"2021-12-13T20:25:25+00:00","twitter_card":"summary_large_image","twitter_misc":{"Odhadovan\u00e1 doba \u010dten\u00ed":"2 minuty"},"schema":{"@context":"https:\/\/schema.org","@graph":[{"@type":"WebPage","@id":"https:\/\/www.zskovarska.cz\/?page_id=15","url":"https:\/\/www.zskovarska.cz\/?page_id=15","name":"\u0160koln\u00ed dru\u017eina - Z\u0160 a M\u0160 Kov\u00e1\u0159sk\u00e1","isPartOf":{"@id":"https:\/\/www.zskovarska.cz\/#website"},"datePublished":"2021-11-22T21:04:27+00:00","dateModified":"2021-12-13T20:25:25+00:00","breadcrumb":{"@id":"https:\/\/www.zskovarska.cz\/?page_id=15#breadcrumb"},"inLanguage":"cs","potentialAction":[{"@type":"ReadAction","target":["https:\/\/www.zskovarska.cz\/?page_id=15"]}]},{"@type":"BreadcrumbList","@id":"https:\/\/www.zskovarska.cz\/?page_id=15#breadcrumb","itemListElement":[{"@type":"ListItem","position":1,"name":"Dom\u016f","item":"https:\/\/www.zskovarska.cz\/"},{"@type":"ListItem","position":2,"name":"\u0160koln\u00ed dru\u017eina"}]},{"@type":"WebSite","@id":"https:\/\/www.zskovarska.cz\/#website","url":"https:\/\/www.zskovarska.cz\/","name":"Z\u0160 a M\u0160 Kov\u00e1\u0159sk\u00e1","description":"","potentialAction":[{"@type":"SearchAction","target":{"@type":"EntryPoint","urlTemplate":"https:\/\/www.zskovarska.cz\/?s={search_term_string}"},"query-input":{"@type":"PropertyValueSpecification","valueRequired":true,"valueName":"search_term_string"}}],"inLanguage":"cs"}]}},"_links":{"self":[{"href":"https:\/\/www.zskovarska.cz\/index.php?rest_route=\/wp\/v2\/pages\/15","targetHints":{"allow":["GET"]}}],"collection":[{"href":"https:\/\/www.zskovarska.cz\/index.php?rest_route=\/wp\/v2\/pages"}],"about":[{"href":"https:\/\/www.zskovarska.cz\/index.php?rest_route=\/wp\/v2\/types\/page"}],"author":[{"embeddable":true,"href":"https:\/\/www.zskovarska.cz\/index.php?rest_route=\/wp\/v2\/users\/1"}],"replies":[{"embeddable":true,"href":"https:\/\/www.zskovarska.cz\/index.php?rest_route=%2Fwp%2Fv2%2Fcomments&post=15"}],"version-history":[{"count":11,"href":"https:\/\/www.zskovarska.cz\/index.php?rest_route=\/wp\/v2\/pages\/15\/revisions"}],"predecessor-version":[{"id":319,"href":"https:\/\/www.zskovarska.cz\/index.php?rest_route=\/wp\/v2\/pages\/15\/revisions\/319"}],"wp:attachment":[{"href":"https:\/\/www.zskovarska.cz\/index.php?rest_route=%2Fwp%2Fv2%2Fmedia&parent=15"}],"curies":[{"name":"wp","href":"https:\/\/api.w.org\/{rel}","templated":true}]}}