{"id":153,"date":"2021-12-08T23:45:47","date_gmt":"2021-12-08T22:45:47","guid":{"rendered":"https:\/\/www.zskovarska.troxstore.cz\/?page_id=153"},"modified":"2023-10-06T14:19:11","modified_gmt":"2023-10-06T12:19:11","slug":"materska-skola","status":"publish","type":"page","link":"https:\/\/www.zskovarska.cz\/?page_id=153","title":{"rendered":"Mate\u0159sk\u00e1 \u0161kola"},"content":{"rendered":"<p>[et_pb_section fb_built=&#8220;1&#8243; fullwidth=&#8220;on&#8220; _builder_version=&#8220;4.14.2&#8243; _module_preset=&#8220;default&#8220; positioning=&#8220;none&#8220; global_module=&#8220;269&#8243; saved_tabs=&#8220;all&#8220; global_colors_info=&#8220;{}&#8220;][et_pb_fullwidth_image src=&#8220;https:\/\/www.zskovarska.cz\/wp-content\/uploads\/2021\/12\/hlavicka_zskovar.jpg&#8220; title_text=&#8220;hlavi\u010dka_zskovar&#8220; _builder_version=&#8220;4.16&#8243; _module_preset=&#8220;default&#8220; positioning=&#8220;none&#8220; max_width=&#8220;100%&#8220; module_alignment=&#8220;center&#8220; global_colors_info=&#8220;{}&#8220;][\/et_pb_fullwidth_image][et_pb_fullwidth_menu menu_style=&#8220;centered&#8220; fullwidth_menu=&#8220;on&#8220; active_link_color=&#8220;#328916&#8243; dropdown_menu_bg_color=&#8220;#bc9c1c&#8220; dropdown_menu_line_color=&#8220;#418e18&#8243; _builder_version=&#8220;4.16&#8243; _module_preset=&#8220;default&#8220; menu_font=&#8220;ABeeZee|700||on|||||&#8220; menu_text_color=&#8220;#000000&#8243; menu_font_size=&#8220;16px&#8220; background_enable_color=&#8220;off&#8220; use_background_color_gradient=&#8220;on&#8220; background_color_gradient_stops=&#8220;#dae02c 0%|#bc9c1c 100%&#8220; background_color_gradient_start=&#8220;#dae02c&#8220; background_color_gradient_end=&#8220;#bc9c1c&#8220; global_colors_info=&#8220;{}&#8220;][\/et_pb_fullwidth_menu][\/et_pb_section][et_pb_section fb_built=&#8220;1&#8243; _builder_version=&#8220;4.16&#8243; _module_preset=&#8220;default&#8220; top_divider_style=&#8220;slant2&#8243; top_divider_color=&#8220;#bc9c1c&#8220; top_divider_height=&#8220;59px&#8220; global_colors_info=&#8220;{}&#8220;][et_pb_row column_structure=&#8220;1_2,1_2&#8243; _builder_version=&#8220;4.16&#8243; _module_preset=&#8220;default&#8220; global_colors_info=&#8220;{}&#8220;][et_pb_column type=&#8220;1_2&#8243; _builder_version=&#8220;4.16&#8243; _module_preset=&#8220;default&#8220; global_colors_info=&#8220;{}&#8220;][et_pb_text _builder_version=&#8220;4.16&#8243; _module_preset=&#8220;default&#8220; global_colors_info=&#8220;{}&#8220;]<\/p>\n<div class=\"box\">\n<div class=\"boxContent\">\n<p><strong>Mate\u0159sk\u00e1 \u0161kola<\/strong>\u00a0v\u00a0Kov\u00e1\u0159sk\u00e9 slou\u017e\u00ed jako \u00fa\u010delov\u00e9 za\u0159\u00edzen\u00ed od roku 1976.Z p\u016fvodn\u00edho spole\u010dn\u00e9ho za\u0159\u00edzen\u00ed jesl\u00ed a mate\u0159sk\u00e1 \u0161koly koncipovan\u00e9 pro 95 d\u011bt\u00ed se zredukovalo na bezbari\u00e9rov\u00e9 p\u0159\u00edzem\u00ed jedin\u00e9 z\u00a0budov.\u00a0Mate\u0159sk\u00e1 \u0161kola se nach\u00e1z\u00ed na kraji s\u00eddli\u0161t\u011b a je jedin\u00fdm p\u0159ed\u0161koln\u00edm za\u0159\u00edzen\u00edm v\u00a0obci. Zaji\u0161\u0165uje celodenn\u00ed provoz ve dvou t\u0159\u00edd\u00e1ch kapacit\u011b 30d\u011bt\u00ed celkem.<\/p>\n<p>Prostory M\u0160 zahrnuj\u00ed technick\u00e9 z\u00e1zem\u00ed a kancel\u00e1\u0159, slou\u017e\u00edc\u00ed person\u00e1lu, pro pot\u0159eby d\u011bt\u00ed je zde pln\u011b vybaven\u00e1 \u0161atna, j\u00eddelna, t\u0159\u00eddy,t\u011blocvi\u010dna a odpo\u010d\u00edv\u00e1rna. Stravu do M\u0160 dov\u00e1\u017e\u00edme v\u00a0termoboxech dle hygienick\u00fdch norem a p\u0159edpis\u016f.<\/p>\n<p><strong>Organizace dne v M\u0160<\/strong><\/p>\n<p>Re\u017eim dne je p\u0159izp\u016fsoben podm\u00ednk\u00e1m mate\u0159sk\u00e9 \u0161koly, respektuje dobu p\u0159\u00edchodu a odchodu d\u011bt\u00ed, jejich v\u011bkov\u00e9 zvl\u00e1\u0161tnosti, pot\u0159eby, biorytmus a n\u00e1ro\u010dnost prov\u00e1d\u011bn\u00fdch \u010dinnost\u00ed. Je voln\u00fd, pevn\u011b stanovena pouze doba stravov\u00e1n\u00ed a odpo\u010dinku.<\/p>\n<p>Spont\u00e1nn\u00ed hry prob\u00edhaj\u00ed po p\u0159\u00edchodu d\u011bt\u00ed do 7.45 hod., p\u0159i pobytu venku a v\u00a0odpoledn\u00edch hodin\u00e1ch p\u0159ed odchodem dom\u016f \/ dle pot\u0159eb, v\u011bku a schopnost\u00ed.<\/p>\n<p>\u010cinnosti \u0159\u00edzen\u00e9 pedagogem prob\u00edhaj\u00ed denn\u011b po dopoledn\u00ed sva\u010din\u011b podle pot\u0159eb, v\u011bku, schopnost\u00ed d\u011bt\u00ed a vlastn\u00edho z\u00e1jmu se \u0159\u00edzen\u00fdch \u010dinnost\u00ed z\u00fa\u010dastnit.<\/p>\n<p>&nbsp;<\/p>\n<\/div>\n<\/div>\n<p>[\/et_pb_text][\/et_pb_column][et_pb_column type=&#8220;1_2&#8243; _builder_version=&#8220;4.16&#8243; _module_preset=&#8220;default&#8220; global_colors_info=&#8220;{}&#8220;][et_pb_gallery gallery_ids=&#8220;3094,3095,3096,3097,3098,3099,3100,3101,3102,3103,3104,3105,3106,3107,3108,3109&#8243; posts_number=&#8220;10&#8243; show_title_and_caption=&#8220;off&#8220; show_pagination=&#8220;off&#8220; _builder_version=&#8220;4.22.2&#8243; _module_preset=&#8220;default&#8220; hover_enabled=&#8220;0&#8243; global_colors_info=&#8220;{}&#8220; sticky_enabled=&#8220;0&#8243;][\/et_pb_gallery][\/et_pb_column][\/et_pb_row][\/et_pb_section]<\/p>\n","protected":false},"excerpt":{"rendered":"<p>Mate\u0159sk\u00e1 \u0161kola\u00a0v\u00a0Kov\u00e1\u0159sk\u00e9 slou\u017e\u00ed jako \u00fa\u010delov\u00e9 za\u0159\u00edzen\u00ed od roku 1976.Z p\u016fvodn\u00edho spole\u010dn\u00e9ho za\u0159\u00edzen\u00ed jesl\u00ed a mate\u0159sk\u00e1 \u0161koly koncipovan\u00e9 pro 95 d\u011bt\u00ed se zredukovalo na bezbari\u00e9rov\u00e9 p\u0159\u00edzem\u00ed jedin\u00e9 z\u00a0budov.\u00a0Mate\u0159sk\u00e1 \u0161kola se nach\u00e1z\u00ed na kraji s\u00eddli\u0161t\u011b a je jedin\u00fdm p\u0159ed\u0161koln\u00edm za\u0159\u00edzen\u00edm v\u00a0obci. Zaji\u0161\u0165uje celodenn\u00ed provoz ve dvou t\u0159\u00edd\u00e1ch kapacit\u011b 30d\u011bt\u00ed celkem. Prostory M\u0160 zahrnuj\u00ed technick\u00e9 z\u00e1zem\u00ed a kancel\u00e1\u0159, [&hellip;]<\/p>\n","protected":false},"author":1,"featured_media":0,"parent":0,"menu_order":0,"comment_status":"closed","ping_status":"closed","template":"page-template-blank.php","meta":{"_et_pb_use_builder":"on","_et_pb_old_content":"<!-- wp:divi\/placeholder \/-->","_et_gb_content_width":"","footnotes":""},"class_list":["post-153","page","type-page","status-publish","hentry"],"yoast_head":"<!-- This site is optimized with the Yoast SEO plugin v27.5 - https:\/\/yoast.com\/product\/yoast-seo-wordpress\/ -->\n<title>Mate\u0159sk\u00e1 \u0161kola - Z\u0160 a M\u0160 Kov\u00e1\u0159sk\u00e1<\/title>\n<meta name=\"robots\" content=\"index, follow, max-snippet:-1, max-image-preview:large, max-video-preview:-1\" \/>\n<link rel=\"canonical\" href=\"https:\/\/www.zskovarska.cz\/?page_id=153\" \/>\n<meta property=\"og:locale\" content=\"cs_CZ\" \/>\n<meta property=\"og:type\" content=\"article\" \/>\n<meta property=\"og:title\" content=\"Mate\u0159sk\u00e1 \u0161kola - Z\u0160 a M\u0160 Kov\u00e1\u0159sk\u00e1\" \/>\n<meta property=\"og:description\" content=\"Mate\u0159sk\u00e1 \u0161kola\u00a0v\u00a0Kov\u00e1\u0159sk\u00e9 slou\u017e\u00ed jako \u00fa\u010delov\u00e9 za\u0159\u00edzen\u00ed od roku 1976.Z p\u016fvodn\u00edho spole\u010dn\u00e9ho za\u0159\u00edzen\u00ed jesl\u00ed a mate\u0159sk\u00e1 \u0161koly koncipovan\u00e9 pro 95 d\u011bt\u00ed se zredukovalo na bezbari\u00e9rov\u00e9 p\u0159\u00edzem\u00ed jedin\u00e9 z\u00a0budov.\u00a0Mate\u0159sk\u00e1 \u0161kola se nach\u00e1z\u00ed na kraji s\u00eddli\u0161t\u011b a je jedin\u00fdm p\u0159ed\u0161koln\u00edm za\u0159\u00edzen\u00edm v\u00a0obci. Zaji\u0161\u0165uje celodenn\u00ed provoz ve dvou t\u0159\u00edd\u00e1ch kapacit\u011b 30d\u011bt\u00ed celkem. Prostory M\u0160 zahrnuj\u00ed technick\u00e9 z\u00e1zem\u00ed a kancel\u00e1\u0159, [&hellip;]\" \/>\n<meta property=\"og:url\" content=\"https:\/\/www.zskovarska.cz\/?page_id=153\" \/>\n<meta property=\"og:site_name\" content=\"Z\u0160 a M\u0160 Kov\u00e1\u0159sk\u00e1\" \/>\n<meta property=\"article:modified_time\" content=\"2023-10-06T12:19:11+00:00\" \/>\n<meta name=\"twitter:card\" content=\"summary_large_image\" \/>\n<meta name=\"twitter:label1\" content=\"Odhadovan\u00e1 doba \u010dten\u00ed\" \/>\n\t<meta name=\"twitter:data1\" content=\"3 minuty\" \/>\n<script type=\"application\/ld+json\" class=\"yoast-schema-graph\">{\"@context\":\"https:\\\/\\\/schema.org\",\"@graph\":[{\"@type\":\"WebPage\",\"@id\":\"https:\\\/\\\/www.zskovarska.cz\\\/?page_id=153\",\"url\":\"https:\\\/\\\/www.zskovarska.cz\\\/?page_id=153\",\"name\":\"Mate\u0159sk\u00e1 \u0161kola - Z\u0160 a M\u0160 Kov\u00e1\u0159sk\u00e1\",\"isPartOf\":{\"@id\":\"https:\\\/\\\/www.zskovarska.cz\\\/#website\"},\"datePublished\":\"2021-12-08T22:45:47+00:00\",\"dateModified\":\"2023-10-06T12:19:11+00:00\",\"breadcrumb\":{\"@id\":\"https:\\\/\\\/www.zskovarska.cz\\\/?page_id=153#breadcrumb\"},\"inLanguage\":\"cs\",\"potentialAction\":[{\"@type\":\"ReadAction\",\"target\":[\"https:\\\/\\\/www.zskovarska.cz\\\/?page_id=153\"]}]},{\"@type\":\"BreadcrumbList\",\"@id\":\"https:\\\/\\\/www.zskovarska.cz\\\/?page_id=153#breadcrumb\",\"itemListElement\":[{\"@type\":\"ListItem\",\"position\":1,\"name\":\"Dom\u016f\",\"item\":\"https:\\\/\\\/www.zskovarska.cz\\\/\"},{\"@type\":\"ListItem\",\"position\":2,\"name\":\"Mate\u0159sk\u00e1 \u0161kola\"}]},{\"@type\":\"WebSite\",\"@id\":\"https:\\\/\\\/www.zskovarska.cz\\\/#website\",\"url\":\"https:\\\/\\\/www.zskovarska.cz\\\/\",\"name\":\"Z\u0160 a M\u0160 Kov\u00e1\u0159sk\u00e1\",\"description\":\"\",\"potentialAction\":[{\"@type\":\"SearchAction\",\"target\":{\"@type\":\"EntryPoint\",\"urlTemplate\":\"https:\\\/\\\/www.zskovarska.cz\\\/?s={search_term_string}\"},\"query-input\":{\"@type\":\"PropertyValueSpecification\",\"valueRequired\":true,\"valueName\":\"search_term_string\"}}],\"inLanguage\":\"cs\"}]}<\/script>\n<!-- \/ Yoast SEO plugin. -->","yoast_head_json":{"title":"Mate\u0159sk\u00e1 \u0161kola - Z\u0160 a M\u0160 Kov\u00e1\u0159sk\u00e1","robots":{"index":"index","follow":"follow","max-snippet":"max-snippet:-1","max-image-preview":"max-image-preview:large","max-video-preview":"max-video-preview:-1"},"canonical":"https:\/\/www.zskovarska.cz\/?page_id=153","og_locale":"cs_CZ","og_type":"article","og_title":"Mate\u0159sk\u00e1 \u0161kola - Z\u0160 a M\u0160 Kov\u00e1\u0159sk\u00e1","og_description":"Mate\u0159sk\u00e1 \u0161kola\u00a0v\u00a0Kov\u00e1\u0159sk\u00e9 slou\u017e\u00ed jako \u00fa\u010delov\u00e9 za\u0159\u00edzen\u00ed od roku 1976.Z p\u016fvodn\u00edho spole\u010dn\u00e9ho za\u0159\u00edzen\u00ed jesl\u00ed a mate\u0159sk\u00e1 \u0161koly koncipovan\u00e9 pro 95 d\u011bt\u00ed se zredukovalo na bezbari\u00e9rov\u00e9 p\u0159\u00edzem\u00ed jedin\u00e9 z\u00a0budov.\u00a0Mate\u0159sk\u00e1 \u0161kola se nach\u00e1z\u00ed na kraji s\u00eddli\u0161t\u011b a je jedin\u00fdm p\u0159ed\u0161koln\u00edm za\u0159\u00edzen\u00edm v\u00a0obci. Zaji\u0161\u0165uje celodenn\u00ed provoz ve dvou t\u0159\u00edd\u00e1ch kapacit\u011b 30d\u011bt\u00ed celkem. Prostory M\u0160 zahrnuj\u00ed technick\u00e9 z\u00e1zem\u00ed a kancel\u00e1\u0159, [&hellip;]","og_url":"https:\/\/www.zskovarska.cz\/?page_id=153","og_site_name":"Z\u0160 a M\u0160 Kov\u00e1\u0159sk\u00e1","article_modified_time":"2023-10-06T12:19:11+00:00","twitter_card":"summary_large_image","twitter_misc":{"Odhadovan\u00e1 doba \u010dten\u00ed":"3 minuty"},"schema":{"@context":"https:\/\/schema.org","@graph":[{"@type":"WebPage","@id":"https:\/\/www.zskovarska.cz\/?page_id=153","url":"https:\/\/www.zskovarska.cz\/?page_id=153","name":"Mate\u0159sk\u00e1 \u0161kola - Z\u0160 a M\u0160 Kov\u00e1\u0159sk\u00e1","isPartOf":{"@id":"https:\/\/www.zskovarska.cz\/#website"},"datePublished":"2021-12-08T22:45:47+00:00","dateModified":"2023-10-06T12:19:11+00:00","breadcrumb":{"@id":"https:\/\/www.zskovarska.cz\/?page_id=153#breadcrumb"},"inLanguage":"cs","potentialAction":[{"@type":"ReadAction","target":["https:\/\/www.zskovarska.cz\/?page_id=153"]}]},{"@type":"BreadcrumbList","@id":"https:\/\/www.zskovarska.cz\/?page_id=153#breadcrumb","itemListElement":[{"@type":"ListItem","position":1,"name":"Dom\u016f","item":"https:\/\/www.zskovarska.cz\/"},{"@type":"ListItem","position":2,"name":"Mate\u0159sk\u00e1 \u0161kola"}]},{"@type":"WebSite","@id":"https:\/\/www.zskovarska.cz\/#website","url":"https:\/\/www.zskovarska.cz\/","name":"Z\u0160 a M\u0160 Kov\u00e1\u0159sk\u00e1","description":"","potentialAction":[{"@type":"SearchAction","target":{"@type":"EntryPoint","urlTemplate":"https:\/\/www.zskovarska.cz\/?s={search_term_string}"},"query-input":{"@type":"PropertyValueSpecification","valueRequired":true,"valueName":"search_term_string"}}],"inLanguage":"cs"}]}},"_links":{"self":[{"href":"https:\/\/www.zskovarska.cz\/index.php?rest_route=\/wp\/v2\/pages\/153","targetHints":{"allow":["GET"]}}],"collection":[{"href":"https:\/\/www.zskovarska.cz\/index.php?rest_route=\/wp\/v2\/pages"}],"about":[{"href":"https:\/\/www.zskovarska.cz\/index.php?rest_route=\/wp\/v2\/types\/page"}],"author":[{"embeddable":true,"href":"https:\/\/www.zskovarska.cz\/index.php?rest_route=\/wp\/v2\/users\/1"}],"replies":[{"embeddable":true,"href":"https:\/\/www.zskovarska.cz\/index.php?rest_route=%2Fwp%2Fv2%2Fcomments&post=153"}],"version-history":[{"count":10,"href":"https:\/\/www.zskovarska.cz\/index.php?rest_route=\/wp\/v2\/pages\/153\/revisions"}],"predecessor-version":[{"id":3110,"href":"https:\/\/www.zskovarska.cz\/index.php?rest_route=\/wp\/v2\/pages\/153\/revisions\/3110"}],"wp:attachment":[{"href":"https:\/\/www.zskovarska.cz\/index.php?rest_route=%2Fwp%2Fv2%2Fmedia&parent=153"}],"curies":[{"name":"wp","href":"https:\/\/api.w.org\/{rel}","templated":true}]}}