{"id":17,"date":"2021-11-22T22:04:48","date_gmt":"2021-11-22T21:04:48","guid":{"rendered":"https:\/\/www.zskovarska.troxstore.cz\/?page_id=17"},"modified":"2026-03-05T10:06:32","modified_gmt":"2026-03-05T09:06:32","slug":"skolni-jidelna","status":"publish","type":"page","link":"https:\/\/www.zskovarska.cz\/?page_id=17","title":{"rendered":"\u0160koln\u00ed j\u00eddelna"},"content":{"rendered":"<p>[et_pb_section fb_built=&#8220;1&#8243; fullwidth=&#8220;on&#8220; _builder_version=&#8220;4.14.2&#8243; _module_preset=&#8220;default&#8220; positioning=&#8220;none&#8220; global_module=&#8220;269&#8243; saved_tabs=&#8220;all&#8220; global_colors_info=&#8220;{}&#8220;][et_pb_fullwidth_image src=&#8220;https:\/\/www.zskovarska.cz\/wp-content\/uploads\/2025\/04\/hlavicka_zskovar-9-3.jpg&#8220; title_text=&#8220;hlavicka_zskovar (9)&#8220; _builder_version=&#8220;4.27.4&#8243; _module_preset=&#8220;default&#8220; positioning=&#8220;none&#8220; max_width=&#8220;100%&#8220; module_alignment=&#8220;center&#8220; global_colors_info=&#8220;{}&#8220;][\/et_pb_fullwidth_image][et_pb_fullwidth_menu menu_style=&#8220;centered&#8220; fullwidth_menu=&#8220;on&#8220; active_link_color=&#8220;#328916&#8243; dropdown_menu_bg_color=&#8220;#bc9c1c&#8220; dropdown_menu_line_color=&#8220;#418e18&#8243; _builder_version=&#8220;4.16&#8243; _module_preset=&#8220;default&#8220; menu_font=&#8220;ABeeZee|700||on|||||&#8220; menu_text_color=&#8220;#000000&#8243; menu_font_size=&#8220;16px&#8220; background_enable_color=&#8220;off&#8220; use_background_color_gradient=&#8220;on&#8220; background_color_gradient_stops=&#8220;#dae02c 0%|#bc9c1c 100%&#8220; background_color_gradient_start=&#8220;#dae02c&#8220; background_color_gradient_end=&#8220;#bc9c1c&#8220; global_colors_info=&#8220;{}&#8220;][\/et_pb_fullwidth_menu][\/et_pb_section][et_pb_section fb_built=&#8220;1&#8243; _builder_version=&#8220;4.16&#8243; _module_preset=&#8220;default&#8220; top_divider_style=&#8220;slant2&#8243; top_divider_color=&#8220;#bc9c1c&#8220; top_divider_height=&#8220;59px&#8220; global_colors_info=&#8220;{}&#8220;][et_pb_row column_structure=&#8220;1_2,1_2&#8243; _builder_version=&#8220;4.16&#8243; _module_preset=&#8220;default&#8220; global_colors_info=&#8220;{}&#8220;][et_pb_column type=&#8220;1_2&#8243; _builder_version=&#8220;4.16&#8243; _module_preset=&#8220;default&#8220; global_colors_info=&#8220;{}&#8220;][et_pb_gallery gallery_ids=&#8220;94,93,92,90,89&#8243; show_title_and_caption=&#8220;off&#8220; show_pagination=&#8220;off&#8220; _builder_version=&#8220;4.16&#8243; _module_preset=&#8220;default&#8220; global_colors_info=&#8220;{}&#8220;][\/et_pb_gallery][et_pb_text _builder_version=&#8220;4.27.4&#8243; _module_preset=&#8220;default&#8220; global_colors_info=&#8220;{}&#8220;]<\/p>\n<h4 style=\"text-align: center;\"><strong>Forma \u00fahrady:<\/strong><\/h4>\n<p><strong>Hotovostn\u00ed<\/strong>:<\/p>\n<ul>\n<li>placen\u00ed ob\u011bd\u016f se prov\u00e1d\u00ed posledn\u00ed 3 pracovn\u00ed dny v\u00a0m\u011bs\u00edci na n\u00e1sleduj\u00edc\u00ed m\u011bs\u00edc u vedouc\u00ed \u0161koln\u00ed j\u00eddelny<\/li>\n<li>vy\u00fa\u010dtov\u00e1n\u00ed odhl\u00e1\u0161en\u00fdch ob\u011bd\u016f za dan\u00fd m\u011bs\u00edc se prov\u00e1d\u00ed p\u0159i platb\u011b na n\u00e1sleduj\u00edc\u00ed m\u011bs\u00edc<\/li>\n<\/ul>\n<p><strong>Bezhotovostn\u00ed:<\/strong><\/p>\n<ul>\n<li>platba na \u00fa\u010det mus\u00ed prob\u011bhnout p\u0159edem, nejpozd\u011bji do 30. dne p\u0159edch\u00e1zej\u00edc\u00edho m\u011bs\u00edce na m\u011bs\u00edc n\u00e1sleduj\u00edc\u00ed<\/li>\n<li>\u010d\u00edslo \u00fa\u010dtu Z\u0160 Kov\u00e1\u0159sk\u00e1: <strong>340\u00a0780 090\/0300<\/strong><\/li>\n<li>p\u0159i zad\u00e1v\u00e1n\u00ed platby zadejte do pozn\u00e1mky p\u0159\u00edjmen\u00ed \u017e\u00e1ka a m\u011bs\u00edc \u2013 nap\u0159. <strong>Nov\u00e1k-Z\u0160-9\/2024<\/strong><\/li>\n<\/ul>\n<p style=\"text-align: left;\"><strong>Kontakt:<\/strong><\/p>\n<p style=\"text-align: left;\"><strong><\/strong><\/p>\n<div>\n<div>\n<p>Tel:\u00a0739 034 207<\/p>\n<p>Email: <span>ekonom@zskovarska.cz<\/span><\/p>\n<\/div>\n<\/div>\n<p>[\/et_pb_text][\/et_pb_column][et_pb_column type=&#8220;1_2&#8243; _builder_version=&#8220;4.16&#8243; _module_preset=&#8220;default&#8220; global_colors_info=&#8220;{}&#8220;][et_pb_text _builder_version=&#8220;4.20.0&#8243; _module_preset=&#8220;default&#8220; animation_style=&#8220;fade&#8220; global_colors_info=&#8220;{}&#8220;]<\/p>\n<div class=\"et_pb_module et_pb_text et_pb_text_9  et_pb_text_align_left et_pb_bg_layout_light\">\n<h2 class=\"et_pb_text_inner\"><span style=\"font-size: 14px; color: #666666;\">\u0160koln\u00ed j\u00eddelna p\u0159i Z\u0160 Kov\u00e1\u0159sk\u00e1 se nach\u00e1z\u00ed v p\u0159\u00edzem\u00ed budovy \u0161koly.<\/span><\/h2>\n<\/div>\n<div class=\"et_pb_module et_pb_text et_pb_text_10  et_pb_text_align_left et_pb_bg_layout_light\">\n<div class=\"et_pb_text_inner\">\n<p>Ve \u0161koln\u00ed j\u00eddeln\u011b se stravuj\u00ed \u017e\u00e1ci a zam\u011bstnanci \u0161koly. Do \u0161koln\u00ed j\u00eddelny doch\u00e1zej\u00ed pro ob\u011bdy i ciz\u00ed str\u00e1vn\u00edci, kte\u0159\u00ed si ob\u011bd odn\u00e1\u0161ej\u00ed v\u00a0j\u00eddlonosi\u010d\u00edch.<br \/>Ze \u0161koln\u00ed kuchyn\u011b se d\u00e1le odv\u00e1\u017e\u00ed strava v termoboxech do Mate\u0159sk\u00e9 \u0161koly, kde se stravuj\u00ed d\u011bti doch\u00e1zej\u00edc\u00ed do M\u0160 a zam\u011bstnanci M\u0160.<\/p>\n<p>&nbsp;<\/p>\n<p>&nbsp;<\/p>\n<p>&nbsp;<\/p>\n<p><u>Mate\u0159sk\u00e1 \u0161kola<\/u>:\u00a0\u00a0\u00a0\u00a0\u00a0\u00a0\u00a0\u00a0\u00a0<\/p>\n<p>sn\u00eddan\u011b:<span>\u00a0<\/span><strong>11,-<\/strong>\u00a0\u00a0\u00a0\u00a0\u00a0\u00a0\u00a0\u00a0\u00a0\u00a0\u00a0\u00a0\u00a0\u00a0 ob\u011bd:<span>\u00a0<\/span><strong>25,-<\/strong>\u00a0\u00a0\u00a0\u00a0\u00a0\u00a0\u00a0\u00a0\u00a0\u00a0\u00a0\u00a0\u00a0\u00a0\u00a0\u00a0 sva\u010dina:<strong> 9,-<\/strong><\/p>\n<p><u>Z\u00e1kladn\u00ed \u0161kola<\/u>:<\/p>\n<p>1\u2013 4. t\u0159\u00edda: ob\u011bd:<span> <\/span><strong>33,-<\/strong><\/p>\n<p>5\u2013 9. t\u0159\u00edda: ob\u011bd:<span>\u00a0<\/span><strong>35,-<\/strong><\/p>\n<p><strong>\u00a0<\/strong><u>Dosp\u011bl\u00ed &#8211; zam\u011bstnanci:<\/u><\/p>\n<p>ob\u011bd:<span> <\/span><strong>35,-<\/strong><\/p>\n<p><u>D\u016fchodci<\/u><span>\u00a0<\/span>(b\u00fdval\u00ed zam\u011bstnanci \u0161koly)<\/p>\n<p>ob\u011bd:<span> <\/span><strong>40,-<\/strong><\/p>\n<p><u>Ostatn\u00ed str\u00e1vn\u00edci<\/u>:\u00a0<\/p>\n<p>ob\u011bd:<span> <\/span><strong>97,-<\/strong><\/p>\n<\/div>\n<\/div>\n<p>[\/et_pb_text][\/et_pb_column][\/et_pb_row][\/et_pb_section]<\/p>\n","protected":false},"excerpt":{"rendered":"<p>Forma \u00fahrady: Hotovostn\u00ed: placen\u00ed ob\u011bd\u016f se prov\u00e1d\u00ed posledn\u00ed 3 pracovn\u00ed dny v\u00a0m\u011bs\u00edci na n\u00e1sleduj\u00edc\u00ed m\u011bs\u00edc u vedouc\u00ed \u0161koln\u00ed j\u00eddelny vy\u00fa\u010dtov\u00e1n\u00ed odhl\u00e1\u0161en\u00fdch ob\u011bd\u016f za dan\u00fd m\u011bs\u00edc se prov\u00e1d\u00ed p\u0159i platb\u011b na n\u00e1sleduj\u00edc\u00ed m\u011bs\u00edc Bezhotovostn\u00ed: platba na \u00fa\u010det mus\u00ed prob\u011bhnout p\u0159edem, nejpozd\u011bji do 30. dne p\u0159edch\u00e1zej\u00edc\u00edho m\u011bs\u00edce na m\u011bs\u00edc n\u00e1sleduj\u00edc\u00ed \u010d\u00edslo \u00fa\u010dtu Z\u0160 Kov\u00e1\u0159sk\u00e1: 340\u00a0780 090\/0300 p\u0159i [&hellip;]<\/p>\n","protected":false},"author":1,"featured_media":0,"parent":0,"menu_order":0,"comment_status":"closed","ping_status":"closed","template":"page-template-blank.php","meta":{"_et_pb_use_builder":"on","_et_pb_old_content":"<!-- wp:divi\/placeholder \/-->","_et_gb_content_width":"","footnotes":""},"class_list":["post-17","page","type-page","status-publish","hentry"],"yoast_head":"<!-- This site is optimized with the Yoast SEO plugin v27.5 - https:\/\/yoast.com\/product\/yoast-seo-wordpress\/ -->\n<title>\u0160koln\u00ed j\u00eddelna - Z\u0160 a M\u0160 Kov\u00e1\u0159sk\u00e1<\/title>\n<meta name=\"robots\" content=\"index, follow, max-snippet:-1, max-image-preview:large, max-video-preview:-1\" \/>\n<link rel=\"canonical\" href=\"https:\/\/www.zskovarska.cz\/?page_id=17\" \/>\n<meta property=\"og:locale\" content=\"cs_CZ\" \/>\n<meta property=\"og:type\" content=\"article\" \/>\n<meta property=\"og:title\" content=\"\u0160koln\u00ed j\u00eddelna - Z\u0160 a M\u0160 Kov\u00e1\u0159sk\u00e1\" \/>\n<meta property=\"og:description\" content=\"Forma \u00fahrady: Hotovostn\u00ed: placen\u00ed ob\u011bd\u016f se prov\u00e1d\u00ed posledn\u00ed 3 pracovn\u00ed dny v\u00a0m\u011bs\u00edci na n\u00e1sleduj\u00edc\u00ed m\u011bs\u00edc u vedouc\u00ed \u0161koln\u00ed j\u00eddelny vy\u00fa\u010dtov\u00e1n\u00ed odhl\u00e1\u0161en\u00fdch ob\u011bd\u016f za dan\u00fd m\u011bs\u00edc se prov\u00e1d\u00ed p\u0159i platb\u011b na n\u00e1sleduj\u00edc\u00ed m\u011bs\u00edc Bezhotovostn\u00ed: platba na \u00fa\u010det mus\u00ed prob\u011bhnout p\u0159edem, nejpozd\u011bji do 30. dne p\u0159edch\u00e1zej\u00edc\u00edho m\u011bs\u00edce na m\u011bs\u00edc n\u00e1sleduj\u00edc\u00ed \u010d\u00edslo \u00fa\u010dtu Z\u0160 Kov\u00e1\u0159sk\u00e1: 340\u00a0780 090\/0300 p\u0159i [&hellip;]\" \/>\n<meta property=\"og:url\" content=\"https:\/\/www.zskovarska.cz\/?page_id=17\" \/>\n<meta property=\"og:site_name\" content=\"Z\u0160 a M\u0160 Kov\u00e1\u0159sk\u00e1\" \/>\n<meta property=\"article:modified_time\" content=\"2026-03-05T09:06:32+00:00\" \/>\n<meta name=\"twitter:card\" content=\"summary_large_image\" \/>\n<meta name=\"twitter:label1\" content=\"Odhadovan\u00e1 doba \u010dten\u00ed\" \/>\n\t<meta name=\"twitter:data1\" content=\"3 minuty\" \/>\n<script type=\"application\/ld+json\" class=\"yoast-schema-graph\">{\"@context\":\"https:\\\/\\\/schema.org\",\"@graph\":[{\"@type\":\"WebPage\",\"@id\":\"https:\\\/\\\/www.zskovarska.cz\\\/?page_id=17\",\"url\":\"https:\\\/\\\/www.zskovarska.cz\\\/?page_id=17\",\"name\":\"\u0160koln\u00ed j\u00eddelna - Z\u0160 a M\u0160 Kov\u00e1\u0159sk\u00e1\",\"isPartOf\":{\"@id\":\"https:\\\/\\\/www.zskovarska.cz\\\/#website\"},\"datePublished\":\"2021-11-22T21:04:48+00:00\",\"dateModified\":\"2026-03-05T09:06:32+00:00\",\"breadcrumb\":{\"@id\":\"https:\\\/\\\/www.zskovarska.cz\\\/?page_id=17#breadcrumb\"},\"inLanguage\":\"cs\",\"potentialAction\":[{\"@type\":\"ReadAction\",\"target\":[\"https:\\\/\\\/www.zskovarska.cz\\\/?page_id=17\"]}]},{\"@type\":\"BreadcrumbList\",\"@id\":\"https:\\\/\\\/www.zskovarska.cz\\\/?page_id=17#breadcrumb\",\"itemListElement\":[{\"@type\":\"ListItem\",\"position\":1,\"name\":\"Dom\u016f\",\"item\":\"https:\\\/\\\/www.zskovarska.cz\\\/\"},{\"@type\":\"ListItem\",\"position\":2,\"name\":\"\u0160koln\u00ed j\u00eddelna\"}]},{\"@type\":\"WebSite\",\"@id\":\"https:\\\/\\\/www.zskovarska.cz\\\/#website\",\"url\":\"https:\\\/\\\/www.zskovarska.cz\\\/\",\"name\":\"Z\u0160 a M\u0160 Kov\u00e1\u0159sk\u00e1\",\"description\":\"\",\"potentialAction\":[{\"@type\":\"SearchAction\",\"target\":{\"@type\":\"EntryPoint\",\"urlTemplate\":\"https:\\\/\\\/www.zskovarska.cz\\\/?s={search_term_string}\"},\"query-input\":{\"@type\":\"PropertyValueSpecification\",\"valueRequired\":true,\"valueName\":\"search_term_string\"}}],\"inLanguage\":\"cs\"}]}<\/script>\n<!-- \/ Yoast SEO plugin. -->","yoast_head_json":{"title":"\u0160koln\u00ed j\u00eddelna - Z\u0160 a M\u0160 Kov\u00e1\u0159sk\u00e1","robots":{"index":"index","follow":"follow","max-snippet":"max-snippet:-1","max-image-preview":"max-image-preview:large","max-video-preview":"max-video-preview:-1"},"canonical":"https:\/\/www.zskovarska.cz\/?page_id=17","og_locale":"cs_CZ","og_type":"article","og_title":"\u0160koln\u00ed j\u00eddelna - Z\u0160 a M\u0160 Kov\u00e1\u0159sk\u00e1","og_description":"Forma \u00fahrady: Hotovostn\u00ed: placen\u00ed ob\u011bd\u016f se prov\u00e1d\u00ed posledn\u00ed 3 pracovn\u00ed dny v\u00a0m\u011bs\u00edci na n\u00e1sleduj\u00edc\u00ed m\u011bs\u00edc u vedouc\u00ed \u0161koln\u00ed j\u00eddelny vy\u00fa\u010dtov\u00e1n\u00ed odhl\u00e1\u0161en\u00fdch ob\u011bd\u016f za dan\u00fd m\u011bs\u00edc se prov\u00e1d\u00ed p\u0159i platb\u011b na n\u00e1sleduj\u00edc\u00ed m\u011bs\u00edc Bezhotovostn\u00ed: platba na \u00fa\u010det mus\u00ed prob\u011bhnout p\u0159edem, nejpozd\u011bji do 30. dne p\u0159edch\u00e1zej\u00edc\u00edho m\u011bs\u00edce na m\u011bs\u00edc n\u00e1sleduj\u00edc\u00ed \u010d\u00edslo \u00fa\u010dtu Z\u0160 Kov\u00e1\u0159sk\u00e1: 340\u00a0780 090\/0300 p\u0159i [&hellip;]","og_url":"https:\/\/www.zskovarska.cz\/?page_id=17","og_site_name":"Z\u0160 a M\u0160 Kov\u00e1\u0159sk\u00e1","article_modified_time":"2026-03-05T09:06:32+00:00","twitter_card":"summary_large_image","twitter_misc":{"Odhadovan\u00e1 doba \u010dten\u00ed":"3 minuty"},"schema":{"@context":"https:\/\/schema.org","@graph":[{"@type":"WebPage","@id":"https:\/\/www.zskovarska.cz\/?page_id=17","url":"https:\/\/www.zskovarska.cz\/?page_id=17","name":"\u0160koln\u00ed j\u00eddelna - Z\u0160 a M\u0160 Kov\u00e1\u0159sk\u00e1","isPartOf":{"@id":"https:\/\/www.zskovarska.cz\/#website"},"datePublished":"2021-11-22T21:04:48+00:00","dateModified":"2026-03-05T09:06:32+00:00","breadcrumb":{"@id":"https:\/\/www.zskovarska.cz\/?page_id=17#breadcrumb"},"inLanguage":"cs","potentialAction":[{"@type":"ReadAction","target":["https:\/\/www.zskovarska.cz\/?page_id=17"]}]},{"@type":"BreadcrumbList","@id":"https:\/\/www.zskovarska.cz\/?page_id=17#breadcrumb","itemListElement":[{"@type":"ListItem","position":1,"name":"Dom\u016f","item":"https:\/\/www.zskovarska.cz\/"},{"@type":"ListItem","position":2,"name":"\u0160koln\u00ed j\u00eddelna"}]},{"@type":"WebSite","@id":"https:\/\/www.zskovarska.cz\/#website","url":"https:\/\/www.zskovarska.cz\/","name":"Z\u0160 a M\u0160 Kov\u00e1\u0159sk\u00e1","description":"","potentialAction":[{"@type":"SearchAction","target":{"@type":"EntryPoint","urlTemplate":"https:\/\/www.zskovarska.cz\/?s={search_term_string}"},"query-input":{"@type":"PropertyValueSpecification","valueRequired":true,"valueName":"search_term_string"}}],"inLanguage":"cs"}]}},"_links":{"self":[{"href":"https:\/\/www.zskovarska.cz\/index.php?rest_route=\/wp\/v2\/pages\/17","targetHints":{"allow":["GET"]}}],"collection":[{"href":"https:\/\/www.zskovarska.cz\/index.php?rest_route=\/wp\/v2\/pages"}],"about":[{"href":"https:\/\/www.zskovarska.cz\/index.php?rest_route=\/wp\/v2\/types\/page"}],"author":[{"embeddable":true,"href":"https:\/\/www.zskovarska.cz\/index.php?rest_route=\/wp\/v2\/users\/1"}],"replies":[{"embeddable":true,"href":"https:\/\/www.zskovarska.cz\/index.php?rest_route=%2Fwp%2Fv2%2Fcomments&post=17"}],"version-history":[{"count":22,"href":"https:\/\/www.zskovarska.cz\/index.php?rest_route=\/wp\/v2\/pages\/17\/revisions"}],"predecessor-version":[{"id":8724,"href":"https:\/\/www.zskovarska.cz\/index.php?rest_route=\/wp\/v2\/pages\/17\/revisions\/8724"}],"wp:attachment":[{"href":"https:\/\/www.zskovarska.cz\/index.php?rest_route=%2Fwp%2Fv2%2Fmedia&parent=17"}],"curies":[{"name":"wp","href":"https:\/\/api.w.org\/{rel}","templated":true}]}}