{"id":251,"date":"2021-12-09T01:08:17","date_gmt":"2021-12-09T00:08:17","guid":{"rendered":"https:\/\/www.zskovarska.troxstore.cz\/?page_id=251"},"modified":"2021-12-09T01:09:45","modified_gmt":"2021-12-09T00:09:45","slug":"ict","status":"publish","type":"page","link":"https:\/\/www.zskovarska.cz\/?page_id=251","title":{"rendered":"ICT"},"content":{"rendered":"<p>[et_pb_section fb_built=&#8220;1&#8243; fullwidth=&#8220;on&#8220; _builder_version=&#8220;4.14.2&#8243; _module_preset=&#8220;default&#8220; positioning=&#8220;none&#8220; global_colors_info=&#8220;{}&#8220; theme_builder_area=&#8220;post_content&#8220;][et_pb_fullwidth_image src=&#8220;https:\/\/www.zskovarska.cz\/wp-content\/uploads\/2021\/12\/hlavicka_zskovar-1.png&#8220; title_text=&#8220;hlavi\u010dka_zskovar&#8220; _builder_version=&#8220;4.14.2&#8243; _module_preset=&#8220;default&#8220; positioning=&#8220;none&#8220; max_width=&#8220;100%&#8220; module_alignment=&#8220;center&#8220; global_colors_info=&#8220;{}&#8220; theme_builder_area=&#8220;post_content&#8220;][\/et_pb_fullwidth_image][et_pb_fullwidth_menu menu_style=&#8220;centered&#8220; fullwidth_menu=&#8220;on&#8220; active_link_color=&#8220;#328916&#8243; dropdown_menu_bg_color=&#8220;#a8a623&#8243; dropdown_menu_line_color=&#8220;#418e18&#8243; _builder_version=&#8220;4.14.2&#8243; _module_preset=&#8220;default&#8220; menu_font=&#8220;ABeeZee|700||on|||||&#8220; menu_text_color=&#8220;#000000&#8243; menu_font_size=&#8220;16px&#8220; background_color=&#8220;#eeef9b&#8220; use_background_color_gradient=&#8220;on&#8220; background_color_gradient_start=&#8220;#dae02c&#8220; background_color_gradient_end=&#8220;#878716&#8243; global_colors_info=&#8220;{}&#8220; theme_builder_area=&#8220;post_content&#8220;][\/et_pb_fullwidth_menu][\/et_pb_section][et_pb_section fb_built=&#8220;1&#8243; theme_builder_area=&#8220;post_content&#8220; _builder_version=&#8220;4.14.2&#8243; _module_preset=&#8220;default&#8220;][et_pb_row _builder_version=&#8220;4.14.2&#8243; _module_preset=&#8220;default&#8220; theme_builder_area=&#8220;post_content&#8220;][et_pb_column _builder_version=&#8220;4.14.2&#8243; _module_preset=&#8220;default&#8220; type=&#8220;4_4&#8243; theme_builder_area=&#8220;post_content&#8220;][et_pb_image src=&#8220;https:\/\/www.zskovarska.cz\/wp-content\/uploads\/2021\/12\/esf-768&#215;219-1.jpg&#8220; _builder_version=&#8220;4.14.2&#8243; _module_preset=&#8220;default&#8220; theme_builder_area=&#8220;post_content&#8220; title_text=&#8220;esf-768&#215;219&#8243; hover_enabled=&#8220;0&#8243; sticky_enabled=&#8220;0&#8243; module_alignment=&#8220;center&#8220;][\/et_pb_image][et_pb_text _builder_version=&#8220;4.14.2&#8243; _module_preset=&#8220;default&#8220; theme_builder_area=&#8220;post_content&#8220; hover_enabled=&#8220;0&#8243; sticky_enabled=&#8220;0&#8243;]<\/p>\n<p>N\u00e1zev projektu:<span>\u00a0<\/span><strong>Vyu\u017e\u00edv\u00e1me ICT ve v\u00fduce<\/strong><span>\u00a0<\/span>Reg. \u010d\u00edslo: CZ.1.07\/1.3.00\/51.0012<br \/>P\u0159\u00edjemce: Bezpe\u010dnostn\u011b pr\u00e1vn\u00ed akademie, Plze\u0148, s.r.o., st\u0159edn\u00ed \u0161kola Partne\u0159i: 49 z\u00e1kladn\u00edch a st\u0159edn\u00edch \u0161kol Rozpo\u010det: 27,7 mil. K\u010d Realizace: listopad 2014 \u2013 \u010dervenec 2015<\/p>\n<p><strong>Obsah projektu:<\/strong><span>\u00a0<\/span>Projekt se zam\u011b\u0159uje na vzd\u011bl\u00e1v\u00e1n\u00ed pedagogick\u00fdch pracovn\u00edk\u016f (zv\u00fd\u0161en\u00ed a roz\u0161\u00ed\u0159en\u00ed kompetenc\u00ed) v\u00a0oblasti pou\u017e\u00edv\u00e1n\u00ed nov\u00fdch ICT technologi\u00ed se specifick\u00fdm zam\u011b\u0159en\u00edm na praktick\u00e9 vyu\u017eit\u00ed ve v\u00fduce. Realizac\u00ed projektu dojde k prohlouben\u00ed a roz\u0161\u00ed\u0159en\u00ed nab\u00eddky dal\u0161\u00edho vzd\u011bl\u00e1v\u00e1n\u00ed pedagogick\u00fdch pracovn\u00edk\u016f (DVPP) a rozvoje znalostn\u00edho kapit\u00e1lu, vytvo\u0159en\u00ed produkt\u016f pro DVPP po cel\u00e9 \u010cesk\u00e9 republice a jejich prov\u00e1z\u00e1n\u00ed na aktu\u00e1ln\u00ed trendy v oboru ICT. Projekt vych\u00e1z\u00ed z nov\u00fdch poznatk\u016f o u\u010den\u00ed dosp\u011bl\u00fdch a vyu\u017e\u00edv\u00e1 inova\u010dn\u00ed vizualizovan\u00e9 a interaktivn\u00ed formy vzd\u011bl\u00e1v\u00e1n\u00ed. Projekt je p\u0159\u00edmo zam\u011b\u0159en na pr\u016fnik poznatk\u016f z teorie do praxe. Z\u00e1m\u011br projektu vych\u00e1z\u00ed z v\u00fdsledk\u016f \u0159ady nez\u00e1visl\u00fdch \u0161et\u0159en\u00ed (z\u00e1v\u011bry \u010c\u0160I, EU, OECD atd.). Projekt je rozd\u011blen do 3 kl\u00ed\u010dov\u00fdch aktivit, zam\u011b\u0159uj\u00edc\u00edch se na kou\u010dink, mentoring a podporu pedagogick\u00fdch a vedouc\u00edch pracovn\u00edk\u016f \u0161kol, na DVPP k integraci ICT do v\u00fduky a na evaluaci tohoto procesu. Hlavn\u00ed v\u00fdstupy: \u2013\u00a0\u00a0P\u0159es 691 pro\u0161kolen\u00fdch pedagogick\u00fdch pracovn\u00edk\u016f \u2013\u00a06 vzd\u011bl\u00e1vac\u00edch kurz\u016f akreditovan\u00fdchv r\u00e1mci syst\u00e9mu DVPP: 1. Modern\u00ed trendy ve vyu\u017eit\u00ed ICT ve v\u00fduce 2. Praktick\u00e9 vyu\u017eit\u00ed dotykov\u00fdch za\u0159\u00edzen\u00ed ve v\u00fduce 3. ICT v oborov\u00fdch didaktik\u00e1ch 4. Z\u00e1klady cloudov\u00fdch \u0159e\u0161en\u00ed 5. Soci\u00e1ln\u00ed s\u00edt\u011b a online komunita 6. Rozvoj dovednost\u00ed pomoc\u00ed ICT \u2013 webov\u00e1 platforma pro sd\u00edlen\u00ed a v\u00fdm\u011bnu zku\u0161enost\u00ed, studijn\u00edch materi\u00e1l\u016f a e-learning<\/p>\n<p>[\/et_pb_text][\/et_pb_column][\/et_pb_row][\/et_pb_section]<\/p>\n","protected":false},"excerpt":{"rendered":"<p>N\u00e1zev projektu:\u00a0Vyu\u017e\u00edv\u00e1me ICT ve v\u00fduce\u00a0Reg. \u010d\u00edslo: CZ.1.07\/1.3.00\/51.0012P\u0159\u00edjemce: Bezpe\u010dnostn\u011b pr\u00e1vn\u00ed akademie, Plze\u0148, s.r.o., st\u0159edn\u00ed \u0161kola Partne\u0159i: 49 z\u00e1kladn\u00edch a st\u0159edn\u00edch \u0161kol Rozpo\u010det: 27,7 mil. K\u010d Realizace: listopad 2014 \u2013 \u010dervenec 2015 Obsah projektu:\u00a0Projekt se zam\u011b\u0159uje na vzd\u011bl\u00e1v\u00e1n\u00ed pedagogick\u00fdch pracovn\u00edk\u016f (zv\u00fd\u0161en\u00ed a roz\u0161\u00ed\u0159en\u00ed kompetenc\u00ed) v\u00a0oblasti pou\u017e\u00edv\u00e1n\u00ed nov\u00fdch ICT technologi\u00ed se specifick\u00fdm zam\u011b\u0159en\u00edm na praktick\u00e9 vyu\u017eit\u00ed ve v\u00fduce. [&hellip;]<\/p>\n","protected":false},"author":1,"featured_media":0,"parent":0,"menu_order":0,"comment_status":"closed","ping_status":"closed","template":"page-template-blank.php","meta":{"_et_pb_use_builder":"on","_et_pb_old_content":"","_et_gb_content_width":"","footnotes":""},"class_list":["post-251","page","type-page","status-publish","hentry"],"yoast_head":"<!-- This site is optimized with the Yoast SEO plugin v27.5 - https:\/\/yoast.com\/product\/yoast-seo-wordpress\/ -->\n<title>ICT - Z\u0160 a M\u0160 Kov\u00e1\u0159sk\u00e1<\/title>\n<meta name=\"robots\" content=\"index, follow, max-snippet:-1, max-image-preview:large, max-video-preview:-1\" \/>\n<link rel=\"canonical\" href=\"https:\/\/www.zskovarska.cz\/?page_id=251\" \/>\n<meta property=\"og:locale\" content=\"cs_CZ\" \/>\n<meta property=\"og:type\" content=\"article\" \/>\n<meta property=\"og:title\" content=\"ICT - Z\u0160 a M\u0160 Kov\u00e1\u0159sk\u00e1\" \/>\n<meta property=\"og:description\" content=\"N\u00e1zev projektu:\u00a0Vyu\u017e\u00edv\u00e1me ICT ve v\u00fduce\u00a0Reg. \u010d\u00edslo: CZ.1.07\/1.3.00\/51.0012P\u0159\u00edjemce: Bezpe\u010dnostn\u011b pr\u00e1vn\u00ed akademie, Plze\u0148, s.r.o., st\u0159edn\u00ed \u0161kola Partne\u0159i: 49 z\u00e1kladn\u00edch a st\u0159edn\u00edch \u0161kol Rozpo\u010det: 27,7 mil. K\u010d Realizace: listopad 2014 \u2013 \u010dervenec 2015 Obsah projektu:\u00a0Projekt se zam\u011b\u0159uje na vzd\u011bl\u00e1v\u00e1n\u00ed pedagogick\u00fdch pracovn\u00edk\u016f (zv\u00fd\u0161en\u00ed a roz\u0161\u00ed\u0159en\u00ed kompetenc\u00ed) v\u00a0oblasti pou\u017e\u00edv\u00e1n\u00ed nov\u00fdch ICT technologi\u00ed se specifick\u00fdm zam\u011b\u0159en\u00edm na praktick\u00e9 vyu\u017eit\u00ed ve v\u00fduce. [&hellip;]\" \/>\n<meta property=\"og:url\" content=\"https:\/\/www.zskovarska.cz\/?page_id=251\" \/>\n<meta property=\"og:site_name\" content=\"Z\u0160 a M\u0160 Kov\u00e1\u0159sk\u00e1\" \/>\n<meta property=\"article:modified_time\" content=\"2021-12-09T00:09:45+00:00\" \/>\n<meta name=\"twitter:card\" content=\"summary_large_image\" \/>\n<meta name=\"twitter:label1\" content=\"Odhadovan\u00e1 doba \u010dten\u00ed\" \/>\n\t<meta name=\"twitter:data1\" content=\"3 minuty\" \/>\n<script type=\"application\/ld+json\" class=\"yoast-schema-graph\">{\"@context\":\"https:\\\/\\\/schema.org\",\"@graph\":[{\"@type\":\"WebPage\",\"@id\":\"https:\\\/\\\/www.zskovarska.cz\\\/?page_id=251\",\"url\":\"https:\\\/\\\/www.zskovarska.cz\\\/?page_id=251\",\"name\":\"ICT - Z\u0160 a M\u0160 Kov\u00e1\u0159sk\u00e1\",\"isPartOf\":{\"@id\":\"https:\\\/\\\/www.zskovarska.cz\\\/#website\"},\"datePublished\":\"2021-12-09T00:08:17+00:00\",\"dateModified\":\"2021-12-09T00:09:45+00:00\",\"breadcrumb\":{\"@id\":\"https:\\\/\\\/www.zskovarska.cz\\\/?page_id=251#breadcrumb\"},\"inLanguage\":\"cs\",\"potentialAction\":[{\"@type\":\"ReadAction\",\"target\":[\"https:\\\/\\\/www.zskovarska.cz\\\/?page_id=251\"]}]},{\"@type\":\"BreadcrumbList\",\"@id\":\"https:\\\/\\\/www.zskovarska.cz\\\/?page_id=251#breadcrumb\",\"itemListElement\":[{\"@type\":\"ListItem\",\"position\":1,\"name\":\"Dom\u016f\",\"item\":\"https:\\\/\\\/www.zskovarska.cz\\\/\"},{\"@type\":\"ListItem\",\"position\":2,\"name\":\"ICT\"}]},{\"@type\":\"WebSite\",\"@id\":\"https:\\\/\\\/www.zskovarska.cz\\\/#website\",\"url\":\"https:\\\/\\\/www.zskovarska.cz\\\/\",\"name\":\"Z\u0160 a M\u0160 Kov\u00e1\u0159sk\u00e1\",\"description\":\"\",\"potentialAction\":[{\"@type\":\"SearchAction\",\"target\":{\"@type\":\"EntryPoint\",\"urlTemplate\":\"https:\\\/\\\/www.zskovarska.cz\\\/?s={search_term_string}\"},\"query-input\":{\"@type\":\"PropertyValueSpecification\",\"valueRequired\":true,\"valueName\":\"search_term_string\"}}],\"inLanguage\":\"cs\"}]}<\/script>\n<!-- \/ Yoast SEO plugin. -->","yoast_head_json":{"title":"ICT - Z\u0160 a M\u0160 Kov\u00e1\u0159sk\u00e1","robots":{"index":"index","follow":"follow","max-snippet":"max-snippet:-1","max-image-preview":"max-image-preview:large","max-video-preview":"max-video-preview:-1"},"canonical":"https:\/\/www.zskovarska.cz\/?page_id=251","og_locale":"cs_CZ","og_type":"article","og_title":"ICT - Z\u0160 a M\u0160 Kov\u00e1\u0159sk\u00e1","og_description":"N\u00e1zev projektu:\u00a0Vyu\u017e\u00edv\u00e1me ICT ve v\u00fduce\u00a0Reg. \u010d\u00edslo: CZ.1.07\/1.3.00\/51.0012P\u0159\u00edjemce: Bezpe\u010dnostn\u011b pr\u00e1vn\u00ed akademie, Plze\u0148, s.r.o., st\u0159edn\u00ed \u0161kola Partne\u0159i: 49 z\u00e1kladn\u00edch a st\u0159edn\u00edch \u0161kol Rozpo\u010det: 27,7 mil. K\u010d Realizace: listopad 2014 \u2013 \u010dervenec 2015 Obsah projektu:\u00a0Projekt se zam\u011b\u0159uje na vzd\u011bl\u00e1v\u00e1n\u00ed pedagogick\u00fdch pracovn\u00edk\u016f (zv\u00fd\u0161en\u00ed a roz\u0161\u00ed\u0159en\u00ed kompetenc\u00ed) v\u00a0oblasti pou\u017e\u00edv\u00e1n\u00ed nov\u00fdch ICT technologi\u00ed se specifick\u00fdm zam\u011b\u0159en\u00edm na praktick\u00e9 vyu\u017eit\u00ed ve v\u00fduce. [&hellip;]","og_url":"https:\/\/www.zskovarska.cz\/?page_id=251","og_site_name":"Z\u0160 a M\u0160 Kov\u00e1\u0159sk\u00e1","article_modified_time":"2021-12-09T00:09:45+00:00","twitter_card":"summary_large_image","twitter_misc":{"Odhadovan\u00e1 doba \u010dten\u00ed":"3 minuty"},"schema":{"@context":"https:\/\/schema.org","@graph":[{"@type":"WebPage","@id":"https:\/\/www.zskovarska.cz\/?page_id=251","url":"https:\/\/www.zskovarska.cz\/?page_id=251","name":"ICT - Z\u0160 a M\u0160 Kov\u00e1\u0159sk\u00e1","isPartOf":{"@id":"https:\/\/www.zskovarska.cz\/#website"},"datePublished":"2021-12-09T00:08:17+00:00","dateModified":"2021-12-09T00:09:45+00:00","breadcrumb":{"@id":"https:\/\/www.zskovarska.cz\/?page_id=251#breadcrumb"},"inLanguage":"cs","potentialAction":[{"@type":"ReadAction","target":["https:\/\/www.zskovarska.cz\/?page_id=251"]}]},{"@type":"BreadcrumbList","@id":"https:\/\/www.zskovarska.cz\/?page_id=251#breadcrumb","itemListElement":[{"@type":"ListItem","position":1,"name":"Dom\u016f","item":"https:\/\/www.zskovarska.cz\/"},{"@type":"ListItem","position":2,"name":"ICT"}]},{"@type":"WebSite","@id":"https:\/\/www.zskovarska.cz\/#website","url":"https:\/\/www.zskovarska.cz\/","name":"Z\u0160 a M\u0160 Kov\u00e1\u0159sk\u00e1","description":"","potentialAction":[{"@type":"SearchAction","target":{"@type":"EntryPoint","urlTemplate":"https:\/\/www.zskovarska.cz\/?s={search_term_string}"},"query-input":{"@type":"PropertyValueSpecification","valueRequired":true,"valueName":"search_term_string"}}],"inLanguage":"cs"}]}},"_links":{"self":[{"href":"https:\/\/www.zskovarska.cz\/index.php?rest_route=\/wp\/v2\/pages\/251","targetHints":{"allow":["GET"]}}],"collection":[{"href":"https:\/\/www.zskovarska.cz\/index.php?rest_route=\/wp\/v2\/pages"}],"about":[{"href":"https:\/\/www.zskovarska.cz\/index.php?rest_route=\/wp\/v2\/types\/page"}],"author":[{"embeddable":true,"href":"https:\/\/www.zskovarska.cz\/index.php?rest_route=\/wp\/v2\/users\/1"}],"replies":[{"embeddable":true,"href":"https:\/\/www.zskovarska.cz\/index.php?rest_route=%2Fwp%2Fv2%2Fcomments&post=251"}],"version-history":[{"count":2,"href":"https:\/\/www.zskovarska.cz\/index.php?rest_route=\/wp\/v2\/pages\/251\/revisions"}],"predecessor-version":[{"id":253,"href":"https:\/\/www.zskovarska.cz\/index.php?rest_route=\/wp\/v2\/pages\/251\/revisions\/253"}],"wp:attachment":[{"href":"https:\/\/www.zskovarska.cz\/index.php?rest_route=%2Fwp%2Fv2%2Fmedia&parent=251"}],"curies":[{"name":"wp","href":"https:\/\/api.w.org\/{rel}","templated":true}]}}