{"id":301,"date":"2021-12-13T21:07:09","date_gmt":"2021-12-13T20:07:09","guid":{"rendered":"https:\/\/www.zskovarska.troxstore.cz\/?page_id=301"},"modified":"2025-09-19T09:16:47","modified_gmt":"2025-09-19T07:16:47","slug":"dokumenty-2","status":"publish","type":"page","link":"https:\/\/www.zskovarska.cz\/?page_id=301","title":{"rendered":"Dokumenty M\u0160"},"content":{"rendered":"<p>[et_pb_section fb_built=&#8220;1&#8243; fullwidth=&#8220;on&#8220; _builder_version=&#8220;4.14.2&#8243; _module_preset=&#8220;default&#8220; positioning=&#8220;none&#8220; global_module=&#8220;269&#8243; saved_tabs=&#8220;all&#8220; global_colors_info=&#8220;{}&#8220;][et_pb_fullwidth_image src=&#8220;https:\/\/www.zskovarska.cz\/wp-content\/uploads\/2025\/04\/hlavicka_zskovar-9-3.jpg&#8220; title_text=&#8220;hlavicka_zskovar (9)&#8220; _builder_version=&#8220;4.27.4&#8243; _module_preset=&#8220;default&#8220; positioning=&#8220;none&#8220; max_width=&#8220;100%&#8220; module_alignment=&#8220;center&#8220; global_colors_info=&#8220;{}&#8220;][\/et_pb_fullwidth_image][et_pb_fullwidth_menu menu_style=&#8220;centered&#8220; fullwidth_menu=&#8220;on&#8220; active_link_color=&#8220;#328916&#8243; dropdown_menu_bg_color=&#8220;#bc9c1c&#8220; dropdown_menu_line_color=&#8220;#418e18&#8243; _builder_version=&#8220;4.16&#8243; _module_preset=&#8220;default&#8220; menu_font=&#8220;ABeeZee|700||on|||||&#8220; menu_text_color=&#8220;#000000&#8243; menu_font_size=&#8220;16px&#8220; background_enable_color=&#8220;off&#8220; use_background_color_gradient=&#8220;on&#8220; background_color_gradient_stops=&#8220;#dae02c 0%|#bc9c1c 100%&#8220; background_color_gradient_start=&#8220;#dae02c&#8220; background_color_gradient_end=&#8220;#bc9c1c&#8220; global_colors_info=&#8220;{}&#8220;][\/et_pb_fullwidth_menu][\/et_pb_section][et_pb_section fb_built=&#8220;1&#8243; _builder_version=&#8220;4.16&#8243; _module_preset=&#8220;default&#8220; top_divider_style=&#8220;slant2&#8243; top_divider_color=&#8220;#bc9c1c&#8220; top_divider_height=&#8220;59px&#8220; global_colors_info=&#8220;{}&#8220;][et_pb_row _builder_version=&#8220;4.16&#8243; _module_preset=&#8220;default&#8220; global_colors_info=&#8220;{}&#8220;][et_pb_column type=&#8220;4_4&#8243; _builder_version=&#8220;4.16&#8243; _module_preset=&#8220;default&#8220; global_colors_info=&#8220;{}&#8220;][et_pb_text _builder_version=&#8220;4.16&#8243; _module_preset=&#8220;default&#8220; text_font=&#8220;|||on|||||&#8220; text_text_color=&#8220;#000000&#8243; text_font_size=&#8220;23px&#8220; global_colors_info=&#8220;{}&#8220;]<\/p>\n<p style=\"text-align: center;\"><strong>mate\u0159sk\u00e1 \u0161kola<\/strong><\/p>\n<p>[\/et_pb_text][\/et_pb_column][\/et_pb_row][et_pb_row column_structure=&#8220;1_4,1_4,1_4,1_4&#8243; _builder_version=&#8220;4.16&#8243; _module_preset=&#8220;default&#8220; global_colors_info=&#8220;{}&#8220;][et_pb_column type=&#8220;1_4&#8243; _builder_version=&#8220;4.16&#8243; _module_preset=&#8220;default&#8220; global_colors_info=&#8220;{}&#8220;][et_pb_text _builder_version=&#8220;4.27.4&#8243; _module_preset=&#8220;default&#8220; text_font=&#8220;|||on|||||&#8220; text_text_color=&#8220;#000000&#8243; text_font_size=&#8220;15px&#8220; header_font=&#8220;||||||||&#8220; global_colors_info=&#8220;{}&#8220;]<\/p>\n<p style=\"text-align: center;\"><strong>\u0160KOLN\u00cd \u0158\u00c1D M\u0160<\/strong><\/p>\n<p>[\/et_pb_text][et_pb_image src=&#8220;https:\/\/www.zskovarska.cz\/wp-content\/uploads\/2021\/12\/adobe-acrobat-portable-document-format-computer-icons-adobe-reader-png-file-pdf-icon-c29b70499f7c6332683ef1e5e765a862.png&#8220; title_text=&#8220;adobe-acrobat-portable-document-format-computer-icons-adobe-reader-png-file-pdf-icon-c29b70499f7c6332683ef1e5e765a862&#8243; url=&#8220;https:\/\/www.zskovarska.cz\/wp-content\/uploads\/2025\/02\/Skolni_rad_MS-platny.pdf&#8220; url_new_window=&#8220;on&#8220; _builder_version=&#8220;4.27.4&#8243; _module_preset=&#8220;default&#8220; global_colors_info=&#8220;{}&#8220;][\/et_pb_image][et_pb_text _builder_version=&#8220;4.27.4&#8243; _module_preset=&#8220;default&#8220; text_font=&#8220;|||on|||||&#8220; text_text_color=&#8220;#000000&#8243; text_font_size=&#8220;15px&#8220; header_font=&#8220;||||||||&#8220; global_colors_info=&#8220;{}&#8220;]<\/p>\n<p style=\"text-align: center;\"><strong>DODATEK KE \u0160KOLN\u00cdMU \u0158\u00c1DU M\u0160<\/strong><\/p>\n<p>[\/et_pb_text][et_pb_image src=&#8220;https:\/\/www.zskovarska.cz\/wp-content\/uploads\/2021\/12\/adobe-acrobat-portable-document-format-computer-icons-adobe-reader-png-file-pdf-icon-c29b70499f7c6332683ef1e5e765a862.png&#8220; title_text=&#8220;adobe-acrobat-portable-document-format-computer-icons-adobe-reader-png-file-pdf-icon-c29b70499f7c6332683ef1e5e765a862&#8243; url=&#8220;https:\/\/www.zskovarska.cz\/wp-content\/uploads\/2025\/09\/Dodatek-ke-skolnimu-radu-MS.pdf&#8220; url_new_window=&#8220;on&#8220; _builder_version=&#8220;4.27.4&#8243; _module_preset=&#8220;default&#8220; global_colors_info=&#8220;{}&#8220;][\/et_pb_image][\/et_pb_column][et_pb_column type=&#8220;1_4&#8243; _builder_version=&#8220;4.16&#8243; _module_preset=&#8220;default&#8220; global_colors_info=&#8220;{}&#8220;][et_pb_text _builder_version=&#8220;4.27.4&#8243; _module_preset=&#8220;default&#8220; text_font=&#8220;|||on|||||&#8220; text_text_color=&#8220;#000000&#8243; text_font_size=&#8220;15px&#8220; header_font=&#8220;||||||||&#8220; global_colors_info=&#8220;{}&#8220;]<\/p>\n<p style=\"text-align: center;\"><strong>\u0160VP 2024-2027<\/strong><\/p>\n<p>[\/et_pb_text][et_pb_image src=&#8220;https:\/\/www.zskovarska.cz\/wp-content\/uploads\/2021\/12\/adobe-acrobat-portable-document-format-computer-icons-adobe-reader-png-file-pdf-icon-c29b70499f7c6332683ef1e5e765a862.png&#8220; title_text=&#8220;adobe-acrobat-portable-document-format-computer-icons-adobe-reader-png-file-pdf-icon-c29b70499f7c6332683ef1e5e765a862&#8243; url=&#8220;https:\/\/www.zskovarska.cz\/wp-content\/uploads\/2025\/01\/SVP-2024-2027.pdf&#8220; url_new_window=&#8220;on&#8220; _builder_version=&#8220;4.27.4&#8243; _module_preset=&#8220;default&#8220; global_colors_info=&#8220;{}&#8220;][\/et_pb_image][et_pb_text _builder_version=&#8220;4.16&#8243; _module_preset=&#8220;default&#8220; text_font=&#8220;|||on|||||&#8220; text_text_color=&#8220;#000000&#8243; text_font_size=&#8220;15px&#8220; header_font=&#8220;||||||||&#8220; custom_margin=&#8220;||53px|||&#8220; global_colors_info=&#8220;{}&#8220;]<\/p>\n<p style=\"text-align: center;\"><strong>\u0160VP 2021-2024<\/strong><\/p>\n<p>[\/et_pb_text][et_pb_image src=&#8220;https:\/\/www.zskovarska.cz\/wp-content\/uploads\/2021\/12\/adobe-acrobat-portable-document-format-computer-icons-adobe-reader-png-file-pdf-icon-c29b70499f7c6332683ef1e5e765a862.png&#8220; title_text=&#8220;adobe-acrobat-portable-document-format-computer-icons-adobe-reader-png-file-pdf-icon-c29b70499f7c6332683ef1e5e765a862&#8243; url=&#8220;https:\/\/www.zskovarska.cz\/wp-content\/uploads\/2021\/12\/SVP-2021-2024.pdf&#8220; url_new_window=&#8220;on&#8220; _builder_version=&#8220;4.16&#8243; _module_preset=&#8220;default&#8220; global_colors_info=&#8220;{}&#8220;][\/et_pb_image][\/et_pb_column][et_pb_column type=&#8220;1_4&#8243; _builder_version=&#8220;4.16&#8243; _module_preset=&#8220;default&#8220; global_colors_info=&#8220;{}&#8220;][et_pb_text _builder_version=&#8220;4.16&#8243; _module_preset=&#8220;default&#8220; text_font=&#8220;|||on|||||&#8220; text_text_color=&#8220;#000000&#8243; text_font_size=&#8220;15px&#8220; header_font=&#8220;||||||||&#8220; global_colors_info=&#8220;{}&#8220;]<\/p>\n<p style=\"text-align: center;\"><strong>eviden\u010dn\u00ed list<\/strong><\/p>\n<p>[\/et_pb_text][et_pb_image src=&#8220;https:\/\/www.zskovarska.cz\/wp-content\/uploads\/2021\/12\/adobe-acrobat-portable-document-format-computer-icons-adobe-reader-png-file-pdf-icon-c29b70499f7c6332683ef1e5e765a862.png&#8220; title_text=&#8220;adobe-acrobat-portable-document-format-computer-icons-adobe-reader-png-file-pdf-icon-c29b70499f7c6332683ef1e5e765a862&#8243; url=&#8220;https:\/\/www.zskovarska.cz\/wp-content\/uploads\/2021\/12\/20211209100339.pdf&#8220; url_new_window=&#8220;on&#8220; _builder_version=&#8220;4.16&#8243; _module_preset=&#8220;default&#8220; global_colors_info=&#8220;{}&#8220;][\/et_pb_image][\/et_pb_column][et_pb_column type=&#8220;1_4&#8243; _builder_version=&#8220;4.16&#8243; _module_preset=&#8220;default&#8220; global_colors_info=&#8220;{}&#8220;][et_pb_text _builder_version=&#8220;4.16&#8243; _module_preset=&#8220;default&#8220; text_font=&#8220;|||on|||||&#8220; text_text_color=&#8220;#000000&#8243; text_font_size=&#8220;15px&#8220; header_font=&#8220;||||||||&#8220; global_colors_info=&#8220;{}&#8220;]<\/p>\n<p style=\"text-align: center;\"><strong>p\u0159ihl\u00e1\u0161ka ke stravov\u00e1n\u00ed<\/strong><\/p>\n<p>[\/et_pb_text][et_pb_image src=&#8220;https:\/\/www.zskovarska.cz\/wp-content\/uploads\/2021\/12\/adobe-acrobat-portable-document-format-computer-icons-adobe-reader-png-file-pdf-icon-c29b70499f7c6332683ef1e5e765a862.png&#8220; title_text=&#8220;adobe-acrobat-portable-document-format-computer-icons-adobe-reader-png-file-pdf-icon-c29b70499f7c6332683ef1e5e765a862&#8243; url=&#8220;https:\/\/www.zskovarska.cz\/wp-content\/uploads\/2025\/09\/Prihlaska-ke-stravovani-MS.pdf&#8220; url_new_window=&#8220;on&#8220; _builder_version=&#8220;4.27.4&#8243; _module_preset=&#8220;default&#8220; hover_enabled=&#8220;0&#8243; global_colors_info=&#8220;{}&#8220; sticky_enabled=&#8220;0&#8243;][\/et_pb_image][\/et_pb_column][\/et_pb_row][et_pb_row column_structure=&#8220;1_4,1_4,1_4,1_4&#8243; _builder_version=&#8220;4.27.4&#8243; _module_preset=&#8220;default&#8220; global_colors_info=&#8220;{}&#8220;][et_pb_column type=&#8220;1_4&#8243; _builder_version=&#8220;4.27.4&#8243; _module_preset=&#8220;default&#8220; global_colors_info=&#8220;{}&#8220;][et_pb_text _builder_version=&#8220;4.27.4&#8243; _module_preset=&#8220;default&#8220; text_font=&#8220;|||on|||||&#8220; text_text_color=&#8220;#000000&#8243; text_font_size=&#8220;15px&#8220; header_font=&#8220;||||||||&#8220; global_colors_info=&#8220;{}&#8220;]<\/p>\n<p style=\"text-align: center;\"><strong>TVP V\u010deli\u010dky<\/strong><\/p>\n<p>[\/et_pb_text][et_pb_image src=&#8220;https:\/\/www.zskovarska.cz\/wp-content\/uploads\/2021\/12\/adobe-acrobat-portable-document-format-computer-icons-adobe-reader-png-file-pdf-icon-c29b70499f7c6332683ef1e5e765a862.png&#8220; title_text=&#8220;adobe-acrobat-portable-document-format-computer-icons-adobe-reader-png-file-pdf-icon-c29b70499f7c6332683ef1e5e765a862&#8243; url=&#8220;https:\/\/www.zskovarska.cz\/wp-content\/uploads\/2025\/01\/TVP-Vcelicky.pdf&#8220; url_new_window=&#8220;on&#8220; _builder_version=&#8220;4.27.4&#8243; _module_preset=&#8220;default&#8220; global_colors_info=&#8220;{}&#8220;][\/et_pb_image][\/et_pb_column][et_pb_column type=&#8220;1_4&#8243; _builder_version=&#8220;4.27.4&#8243; _module_preset=&#8220;default&#8220; global_colors_info=&#8220;{}&#8220;][et_pb_text _builder_version=&#8220;4.27.4&#8243; _module_preset=&#8220;default&#8220; text_font=&#8220;|||on|||||&#8220; text_text_color=&#8220;#000000&#8243; text_font_size=&#8220;15px&#8220; header_font=&#8220;||||||||&#8220; global_colors_info=&#8220;{}&#8220;]<\/p>\n<p style=\"text-align: center;\"><strong>TVP Beru\u0161ky<\/strong><\/p>\n<p>[\/et_pb_text][et_pb_image src=&#8220;https:\/\/www.zskovarska.cz\/wp-content\/uploads\/2021\/12\/adobe-acrobat-portable-document-format-computer-icons-adobe-reader-png-file-pdf-icon-c29b70499f7c6332683ef1e5e765a862.png&#8220; title_text=&#8220;adobe-acrobat-portable-document-format-computer-icons-adobe-reader-png-file-pdf-icon-c29b70499f7c6332683ef1e5e765a862&#8243; url=&#8220;https:\/\/www.zskovarska.cz\/wp-content\/uploads\/2025\/01\/TVP-Berusky.pdf&#8220; url_new_window=&#8220;on&#8220; _builder_version=&#8220;4.27.4&#8243; _module_preset=&#8220;default&#8220; global_colors_info=&#8220;{}&#8220;][\/et_pb_image][\/et_pb_column][et_pb_column type=&#8220;1_4&#8243; _builder_version=&#8220;4.27.4&#8243; _module_preset=&#8220;default&#8220; global_colors_info=&#8220;{}&#8220;][\/et_pb_column][et_pb_column type=&#8220;1_4&#8243; _builder_version=&#8220;4.27.4&#8243; _module_preset=&#8220;default&#8220; global_colors_info=&#8220;{}&#8220;][\/et_pb_column][\/et_pb_row][\/et_pb_section]<\/p>\n","protected":false},"excerpt":{"rendered":"<p>mate\u0159sk\u00e1 \u0161kola\u0160KOLN\u00cd \u0158\u00c1D M\u0160DODATEK KE \u0160KOLN\u00cdMU \u0158\u00c1DU M\u0160\u0160VP 2024-2027\u0160VP 2021-2024eviden\u010dn\u00ed listp\u0159ihl\u00e1\u0161ka ke stravov\u00e1n\u00edTVP V\u010deli\u010dkyTVP Beru\u0161ky<\/p>\n","protected":false},"author":1,"featured_media":0,"parent":0,"menu_order":0,"comment_status":"closed","ping_status":"closed","template":"page-template-blank.php","meta":{"_et_pb_use_builder":"on","_et_pb_old_content":"","_et_gb_content_width":"","footnotes":""},"class_list":["post-301","page","type-page","status-publish","hentry"],"yoast_head":"<!-- This site is optimized with the Yoast SEO plugin v27.5 - https:\/\/yoast.com\/product\/yoast-seo-wordpress\/ -->\n<title>Dokumenty M\u0160 - Z\u0160 a M\u0160 Kov\u00e1\u0159sk\u00e1<\/title>\n<meta name=\"robots\" content=\"index, follow, max-snippet:-1, max-image-preview:large, max-video-preview:-1\" \/>\n<link rel=\"canonical\" href=\"https:\/\/www.zskovarska.cz\/?page_id=301\" \/>\n<meta property=\"og:locale\" content=\"cs_CZ\" \/>\n<meta property=\"og:type\" content=\"article\" \/>\n<meta property=\"og:title\" content=\"Dokumenty M\u0160 - Z\u0160 a M\u0160 Kov\u00e1\u0159sk\u00e1\" \/>\n<meta property=\"og:description\" content=\"mate\u0159sk\u00e1 \u0161kola\u0160KOLN\u00cd \u0158\u00c1D M\u0160DODATEK KE \u0160KOLN\u00cdMU \u0158\u00c1DU M\u0160\u0160VP 2024-2027\u0160VP 2021-2024eviden\u010dn\u00ed listp\u0159ihl\u00e1\u0161ka ke stravov\u00e1n\u00edTVP V\u010deli\u010dkyTVP Beru\u0161ky\" \/>\n<meta property=\"og:url\" content=\"https:\/\/www.zskovarska.cz\/?page_id=301\" \/>\n<meta property=\"og:site_name\" content=\"Z\u0160 a M\u0160 Kov\u00e1\u0159sk\u00e1\" \/>\n<meta property=\"article:modified_time\" content=\"2025-09-19T07:16:47+00:00\" \/>\n<meta name=\"twitter:card\" content=\"summary_large_image\" \/>\n<meta name=\"twitter:label1\" content=\"Odhadovan\u00e1 doba \u010dten\u00ed\" \/>\n\t<meta name=\"twitter:data1\" content=\"5 minut\" \/>\n<script type=\"application\/ld+json\" class=\"yoast-schema-graph\">{\"@context\":\"https:\\\/\\\/schema.org\",\"@graph\":[{\"@type\":\"WebPage\",\"@id\":\"https:\\\/\\\/www.zskovarska.cz\\\/?page_id=301\",\"url\":\"https:\\\/\\\/www.zskovarska.cz\\\/?page_id=301\",\"name\":\"Dokumenty M\u0160 - Z\u0160 a M\u0160 Kov\u00e1\u0159sk\u00e1\",\"isPartOf\":{\"@id\":\"https:\\\/\\\/www.zskovarska.cz\\\/#website\"},\"datePublished\":\"2021-12-13T20:07:09+00:00\",\"dateModified\":\"2025-09-19T07:16:47+00:00\",\"breadcrumb\":{\"@id\":\"https:\\\/\\\/www.zskovarska.cz\\\/?page_id=301#breadcrumb\"},\"inLanguage\":\"cs\",\"potentialAction\":[{\"@type\":\"ReadAction\",\"target\":[\"https:\\\/\\\/www.zskovarska.cz\\\/?page_id=301\"]}]},{\"@type\":\"BreadcrumbList\",\"@id\":\"https:\\\/\\\/www.zskovarska.cz\\\/?page_id=301#breadcrumb\",\"itemListElement\":[{\"@type\":\"ListItem\",\"position\":1,\"name\":\"Dom\u016f\",\"item\":\"https:\\\/\\\/www.zskovarska.cz\\\/\"},{\"@type\":\"ListItem\",\"position\":2,\"name\":\"Dokumenty M\u0160\"}]},{\"@type\":\"WebSite\",\"@id\":\"https:\\\/\\\/www.zskovarska.cz\\\/#website\",\"url\":\"https:\\\/\\\/www.zskovarska.cz\\\/\",\"name\":\"Z\u0160 a M\u0160 Kov\u00e1\u0159sk\u00e1\",\"description\":\"\",\"potentialAction\":[{\"@type\":\"SearchAction\",\"target\":{\"@type\":\"EntryPoint\",\"urlTemplate\":\"https:\\\/\\\/www.zskovarska.cz\\\/?s={search_term_string}\"},\"query-input\":{\"@type\":\"PropertyValueSpecification\",\"valueRequired\":true,\"valueName\":\"search_term_string\"}}],\"inLanguage\":\"cs\"}]}<\/script>\n<!-- \/ Yoast SEO plugin. -->","yoast_head_json":{"title":"Dokumenty M\u0160 - Z\u0160 a M\u0160 Kov\u00e1\u0159sk\u00e1","robots":{"index":"index","follow":"follow","max-snippet":"max-snippet:-1","max-image-preview":"max-image-preview:large","max-video-preview":"max-video-preview:-1"},"canonical":"https:\/\/www.zskovarska.cz\/?page_id=301","og_locale":"cs_CZ","og_type":"article","og_title":"Dokumenty M\u0160 - Z\u0160 a M\u0160 Kov\u00e1\u0159sk\u00e1","og_description":"mate\u0159sk\u00e1 \u0161kola\u0160KOLN\u00cd \u0158\u00c1D M\u0160DODATEK KE \u0160KOLN\u00cdMU \u0158\u00c1DU M\u0160\u0160VP 2024-2027\u0160VP 2021-2024eviden\u010dn\u00ed listp\u0159ihl\u00e1\u0161ka ke stravov\u00e1n\u00edTVP V\u010deli\u010dkyTVP Beru\u0161ky","og_url":"https:\/\/www.zskovarska.cz\/?page_id=301","og_site_name":"Z\u0160 a M\u0160 Kov\u00e1\u0159sk\u00e1","article_modified_time":"2025-09-19T07:16:47+00:00","twitter_card":"summary_large_image","twitter_misc":{"Odhadovan\u00e1 doba \u010dten\u00ed":"5 minut"},"schema":{"@context":"https:\/\/schema.org","@graph":[{"@type":"WebPage","@id":"https:\/\/www.zskovarska.cz\/?page_id=301","url":"https:\/\/www.zskovarska.cz\/?page_id=301","name":"Dokumenty M\u0160 - Z\u0160 a M\u0160 Kov\u00e1\u0159sk\u00e1","isPartOf":{"@id":"https:\/\/www.zskovarska.cz\/#website"},"datePublished":"2021-12-13T20:07:09+00:00","dateModified":"2025-09-19T07:16:47+00:00","breadcrumb":{"@id":"https:\/\/www.zskovarska.cz\/?page_id=301#breadcrumb"},"inLanguage":"cs","potentialAction":[{"@type":"ReadAction","target":["https:\/\/www.zskovarska.cz\/?page_id=301"]}]},{"@type":"BreadcrumbList","@id":"https:\/\/www.zskovarska.cz\/?page_id=301#breadcrumb","itemListElement":[{"@type":"ListItem","position":1,"name":"Dom\u016f","item":"https:\/\/www.zskovarska.cz\/"},{"@type":"ListItem","position":2,"name":"Dokumenty M\u0160"}]},{"@type":"WebSite","@id":"https:\/\/www.zskovarska.cz\/#website","url":"https:\/\/www.zskovarska.cz\/","name":"Z\u0160 a M\u0160 Kov\u00e1\u0159sk\u00e1","description":"","potentialAction":[{"@type":"SearchAction","target":{"@type":"EntryPoint","urlTemplate":"https:\/\/www.zskovarska.cz\/?s={search_term_string}"},"query-input":{"@type":"PropertyValueSpecification","valueRequired":true,"valueName":"search_term_string"}}],"inLanguage":"cs"}]}},"_links":{"self":[{"href":"https:\/\/www.zskovarska.cz\/index.php?rest_route=\/wp\/v2\/pages\/301","targetHints":{"allow":["GET"]}}],"collection":[{"href":"https:\/\/www.zskovarska.cz\/index.php?rest_route=\/wp\/v2\/pages"}],"about":[{"href":"https:\/\/www.zskovarska.cz\/index.php?rest_route=\/wp\/v2\/types\/page"}],"author":[{"embeddable":true,"href":"https:\/\/www.zskovarska.cz\/index.php?rest_route=\/wp\/v2\/users\/1"}],"replies":[{"embeddable":true,"href":"https:\/\/www.zskovarska.cz\/index.php?rest_route=%2Fwp%2Fv2%2Fcomments&post=301"}],"version-history":[{"count":13,"href":"https:\/\/www.zskovarska.cz\/index.php?rest_route=\/wp\/v2\/pages\/301\/revisions"}],"predecessor-version":[{"id":8043,"href":"https:\/\/www.zskovarska.cz\/index.php?rest_route=\/wp\/v2\/pages\/301\/revisions\/8043"}],"wp:attachment":[{"href":"https:\/\/www.zskovarska.cz\/index.php?rest_route=%2Fwp%2Fv2%2Fmedia&parent=301"}],"curies":[{"name":"wp","href":"https:\/\/api.w.org\/{rel}","templated":true}]}}