{"id":304,"date":"2021-12-13T21:07:49","date_gmt":"2021-12-13T20:07:49","guid":{"rendered":"https:\/\/www.zskovarska.troxstore.cz\/?page_id=304"},"modified":"2023-09-15T14:08:35","modified_gmt":"2023-09-15T12:08:35","slug":"aktuality-ms","status":"publish","type":"page","link":"https:\/\/www.zskovarska.cz\/?page_id=304","title":{"rendered":"Aktuality M\u0160"},"content":{"rendered":"<p>[et_pb_section fb_built=&#8220;1&#8243; fullwidth=&#8220;on&#8220; _builder_version=&#8220;4.14.2&#8243; _module_preset=&#8220;default&#8220; positioning=&#8220;none&#8220; global_module=&#8220;269&#8243; saved_tabs=&#8220;all&#8220; global_colors_info=&#8220;{}&#8220;][et_pb_fullwidth_image src=&#8220;https:\/\/www.zskovarska.cz\/wp-content\/uploads\/2021\/12\/hlavicka_zskovar.jpg&#8220; title_text=&#8220;hlavi\u010dka_zskovar&#8220; _builder_version=&#8220;4.16&#8243; _module_preset=&#8220;default&#8220; positioning=&#8220;none&#8220; max_width=&#8220;100%&#8220; module_alignment=&#8220;center&#8220; global_colors_info=&#8220;{}&#8220;][\/et_pb_fullwidth_image][et_pb_fullwidth_menu menu_style=&#8220;centered&#8220; fullwidth_menu=&#8220;on&#8220; active_link_color=&#8220;#328916&#8243; dropdown_menu_bg_color=&#8220;#bc9c1c&#8220; dropdown_menu_line_color=&#8220;#418e18&#8243; _builder_version=&#8220;4.16&#8243; _module_preset=&#8220;default&#8220; menu_font=&#8220;ABeeZee|700||on|||||&#8220; menu_text_color=&#8220;#000000&#8243; menu_font_size=&#8220;16px&#8220; background_enable_color=&#8220;off&#8220; use_background_color_gradient=&#8220;on&#8220; background_color_gradient_stops=&#8220;#dae02c 0%|#bc9c1c 100%&#8220; background_color_gradient_start=&#8220;#dae02c&#8220; background_color_gradient_end=&#8220;#bc9c1c&#8220; global_colors_info=&#8220;{}&#8220;][\/et_pb_fullwidth_menu][\/et_pb_section][et_pb_section fb_built=&#8220;1&#8243; _builder_version=&#8220;4.16&#8243; _module_preset=&#8220;default&#8220; custom_padding=&#8220;||0px|||&#8220; top_divider_style=&#8220;slant2&#8243; top_divider_color=&#8220;#bc9c1c&#8220; top_divider_height=&#8220;59px&#8220; global_colors_info=&#8220;{}&#8220;][\/et_pb_section][et_pb_section fb_built=&#8220;1&#8243; specialty=&#8220;on&#8220; _builder_version=&#8220;4.16&#8243; _module_preset=&#8220;default&#8220; custom_padding=&#8220;6px|||||&#8220; top_divider_color=&#8220;#bc9c1c&#8220; top_divider_height=&#8220;59px&#8220; global_colors_info=&#8220;{}&#8220;][et_pb_column type=&#8220;3_4&#8243; specialty_columns=&#8220;3&#8243; _builder_version=&#8220;4.16&#8243; custom_padding=&#8220;|||&#8220; global_colors_info=&#8220;{}&#8220; custom_padding__hover=&#8220;|||&#8220;][et_pb_row_inner _builder_version=&#8220;4.16&#8243; _module_preset=&#8220;default&#8220; global_colors_info=&#8220;{}&#8220;][et_pb_column_inner saved_specialty_column_type=&#8220;3_4&#8243; _builder_version=&#8220;4.16&#8243; _module_preset=&#8220;default&#8220; global_colors_info=&#8220;{}&#8220;][et_pb_text _builder_version=&#8220;4.22.1&#8243; _module_preset=&#8220;default&#8220; global_colors_info=&#8220;{}&#8220;]<\/p>\n<h1><strong>Aktuality M\u0160:<\/strong><\/h1>\n<p>[\/et_pb_text][\/et_pb_column_inner][\/et_pb_row_inner][et_pb_row_inner _builder_version=&#8220;4.18.0&#8243; _module_preset=&#8220;default&#8220; box_shadow_style=&#8220;preset2&#8243; box_shadow_horizontal=&#8220;-1px&#8220; box_shadow_vertical=&#8220;-3px&#8220; box_shadow_blur=&#8220;45px&#8220; box_shadow_spread=&#8220;8px&#8220; global_colors_info=&#8220;{}&#8220;][et_pb_column_inner saved_specialty_column_type=&#8220;3_4&#8243; _builder_version=&#8220;4.16&#8243; _module_preset=&#8220;default&#8220; global_colors_info=&#8220;{}&#8220;][et_pb_blog posts_number=&#8220;5&#8243; include_categories=&#8220;12&#8243; meta_date=&#8220;j.m.20y&#8220; show_content=&#8220;on&#8220; show_author=&#8220;off&#8220; show_categories=&#8220;off&#8220; _builder_version=&#8220;4.22.1&#8243; _module_preset=&#8220;default&#8220; custom_margin=&#8220;|||24px||&#8220; custom_padding=&#8220;|18px||||&#8220; global_colors_info=&#8220;{}&#8220;][\/et_pb_blog][\/et_pb_column_inner][\/et_pb_row_inner][\/et_pb_column][et_pb_column type=&#8220;1_4&#8243; _builder_version=&#8220;4.16&#8243; custom_padding=&#8220;|||&#8220; global_colors_info=&#8220;{}&#8220; custom_padding__hover=&#8220;|||&#8220;][et_pb_text _builder_version=&#8220;4.18.0&#8243; _module_preset=&#8220;default&#8220; text_text_color=&#8220;#006603&#8243; text_font_size=&#8220;17px&#8220; text_letter_spacing=&#8220;3px&#8220; text_text_shadow_style=&#8220;preset1&#8243; global_colors_info=&#8220;{}&#8220;]<\/p>\n<p><strong>Z\u0159izovatel:<\/strong><\/p>\n<p>[\/et_pb_text][et_pb_image src=&#8220;https:\/\/www.zskovarska.cz\/wp-content\/uploads\/2021\/12\/znak-Kovarska.png&#8220; title_text=&#8220;znak Kov\u00e1\u0159sk\u00e1&#8220; url_new_window=&#8220;on&#8220; _builder_version=&#8220;4.16&#8243; _module_preset=&#8220;default&#8220; custom_margin=&#8220;||60px|||&#8220; global_colors_info=&#8220;{}&#8220;][\/et_pb_image][et_pb_text _builder_version=&#8220;4.16&#8243; _module_preset=&#8220;default&#8220; custom_margin=&#8220;||0px||false|false&#8220; custom_padding=&#8220;19px||19px||true|false&#8220; global_colors_info=&#8220;{}&#8220;][\/et_pb_text][et_pb_text _builder_version=&#8220;4.18.0&#8243; _module_preset=&#8220;default&#8220; text_text_color=&#8220;#006603&#8243; text_font_size=&#8220;17px&#8220; text_letter_spacing=&#8220;3px&#8220; text_text_shadow_style=&#8220;preset1&#8243; global_colors_info=&#8220;{}&#8220;]<\/p>\n<p><strong>Archiv:<\/strong><\/p>\n<p>[\/et_pb_text][et_pb_text _builder_version=&#8220;4.22.1&#8243; _module_preset=&#8220;default&#8220; link_option_url=&#8220;https:\/\/www.zskovarska.cz\/?page_id=1507&#8243; link_option_url_new_window=&#8220;on&#8220; global_colors_info=&#8220;{}&#8220;]<\/p>\n<p><strong>Archiv p\u0159\u00edsp\u011bvk\u016f 2021\/2022<\/strong><\/p>\n<p>[\/et_pb_text][\/et_pb_column][\/et_pb_section]<\/p>\n","protected":false},"excerpt":{"rendered":"<p>Aktuality M\u0160:Z\u0159izovatel:Archiv:Archiv p\u0159\u00edsp\u011bvk\u016f 2021\/2022<\/p>\n","protected":false},"author":1,"featured_media":0,"parent":0,"menu_order":0,"comment_status":"closed","ping_status":"closed","template":"page-template-blank.php","meta":{"_et_pb_use_builder":"on","_et_pb_old_content":"<!-- wp:divi\/placeholder \/-->","_et_gb_content_width":"","footnotes":""},"class_list":["post-304","page","type-page","status-publish","hentry"],"yoast_head":"<!-- This site is optimized with the Yoast SEO plugin v27.5 - https:\/\/yoast.com\/product\/yoast-seo-wordpress\/ -->\n<title>Aktuality M\u0160 - Z\u0160 a M\u0160 Kov\u00e1\u0159sk\u00e1<\/title>\n<meta name=\"robots\" content=\"index, follow, max-snippet:-1, max-image-preview:large, max-video-preview:-1\" \/>\n<link rel=\"canonical\" href=\"https:\/\/www.zskovarska.cz\/?page_id=304\" \/>\n<meta property=\"og:locale\" content=\"cs_CZ\" \/>\n<meta property=\"og:type\" content=\"article\" \/>\n<meta property=\"og:title\" content=\"Aktuality M\u0160 - Z\u0160 a M\u0160 Kov\u00e1\u0159sk\u00e1\" \/>\n<meta property=\"og:description\" content=\"Aktuality M\u0160:Z\u0159izovatel:Archiv:Archiv p\u0159\u00edsp\u011bvk\u016f 2021\/2022\" \/>\n<meta property=\"og:url\" content=\"https:\/\/www.zskovarska.cz\/?page_id=304\" \/>\n<meta property=\"og:site_name\" content=\"Z\u0160 a M\u0160 Kov\u00e1\u0159sk\u00e1\" \/>\n<meta property=\"article:modified_time\" content=\"2023-09-15T12:08:35+00:00\" \/>\n<meta name=\"twitter:card\" content=\"summary_large_image\" \/>\n<meta name=\"twitter:label1\" content=\"Odhadovan\u00e1 doba \u010dten\u00ed\" \/>\n\t<meta name=\"twitter:data1\" content=\"3 minuty\" \/>\n<script type=\"application\/ld+json\" class=\"yoast-schema-graph\">{\"@context\":\"https:\\\/\\\/schema.org\",\"@graph\":[{\"@type\":\"WebPage\",\"@id\":\"https:\\\/\\\/www.zskovarska.cz\\\/?page_id=304\",\"url\":\"https:\\\/\\\/www.zskovarska.cz\\\/?page_id=304\",\"name\":\"Aktuality M\u0160 - Z\u0160 a M\u0160 Kov\u00e1\u0159sk\u00e1\",\"isPartOf\":{\"@id\":\"https:\\\/\\\/www.zskovarska.cz\\\/#website\"},\"datePublished\":\"2021-12-13T20:07:49+00:00\",\"dateModified\":\"2023-09-15T12:08:35+00:00\",\"breadcrumb\":{\"@id\":\"https:\\\/\\\/www.zskovarska.cz\\\/?page_id=304#breadcrumb\"},\"inLanguage\":\"cs\",\"potentialAction\":[{\"@type\":\"ReadAction\",\"target\":[\"https:\\\/\\\/www.zskovarska.cz\\\/?page_id=304\"]}]},{\"@type\":\"BreadcrumbList\",\"@id\":\"https:\\\/\\\/www.zskovarska.cz\\\/?page_id=304#breadcrumb\",\"itemListElement\":[{\"@type\":\"ListItem\",\"position\":1,\"name\":\"Dom\u016f\",\"item\":\"https:\\\/\\\/www.zskovarska.cz\\\/\"},{\"@type\":\"ListItem\",\"position\":2,\"name\":\"Aktuality M\u0160\"}]},{\"@type\":\"WebSite\",\"@id\":\"https:\\\/\\\/www.zskovarska.cz\\\/#website\",\"url\":\"https:\\\/\\\/www.zskovarska.cz\\\/\",\"name\":\"Z\u0160 a M\u0160 Kov\u00e1\u0159sk\u00e1\",\"description\":\"\",\"potentialAction\":[{\"@type\":\"SearchAction\",\"target\":{\"@type\":\"EntryPoint\",\"urlTemplate\":\"https:\\\/\\\/www.zskovarska.cz\\\/?s={search_term_string}\"},\"query-input\":{\"@type\":\"PropertyValueSpecification\",\"valueRequired\":true,\"valueName\":\"search_term_string\"}}],\"inLanguage\":\"cs\"}]}<\/script>\n<!-- \/ Yoast SEO plugin. -->","yoast_head_json":{"title":"Aktuality M\u0160 - Z\u0160 a M\u0160 Kov\u00e1\u0159sk\u00e1","robots":{"index":"index","follow":"follow","max-snippet":"max-snippet:-1","max-image-preview":"max-image-preview:large","max-video-preview":"max-video-preview:-1"},"canonical":"https:\/\/www.zskovarska.cz\/?page_id=304","og_locale":"cs_CZ","og_type":"article","og_title":"Aktuality M\u0160 - Z\u0160 a M\u0160 Kov\u00e1\u0159sk\u00e1","og_description":"Aktuality M\u0160:Z\u0159izovatel:Archiv:Archiv p\u0159\u00edsp\u011bvk\u016f 2021\/2022","og_url":"https:\/\/www.zskovarska.cz\/?page_id=304","og_site_name":"Z\u0160 a M\u0160 Kov\u00e1\u0159sk\u00e1","article_modified_time":"2023-09-15T12:08:35+00:00","twitter_card":"summary_large_image","twitter_misc":{"Odhadovan\u00e1 doba \u010dten\u00ed":"3 minuty"},"schema":{"@context":"https:\/\/schema.org","@graph":[{"@type":"WebPage","@id":"https:\/\/www.zskovarska.cz\/?page_id=304","url":"https:\/\/www.zskovarska.cz\/?page_id=304","name":"Aktuality M\u0160 - Z\u0160 a M\u0160 Kov\u00e1\u0159sk\u00e1","isPartOf":{"@id":"https:\/\/www.zskovarska.cz\/#website"},"datePublished":"2021-12-13T20:07:49+00:00","dateModified":"2023-09-15T12:08:35+00:00","breadcrumb":{"@id":"https:\/\/www.zskovarska.cz\/?page_id=304#breadcrumb"},"inLanguage":"cs","potentialAction":[{"@type":"ReadAction","target":["https:\/\/www.zskovarska.cz\/?page_id=304"]}]},{"@type":"BreadcrumbList","@id":"https:\/\/www.zskovarska.cz\/?page_id=304#breadcrumb","itemListElement":[{"@type":"ListItem","position":1,"name":"Dom\u016f","item":"https:\/\/www.zskovarska.cz\/"},{"@type":"ListItem","position":2,"name":"Aktuality M\u0160"}]},{"@type":"WebSite","@id":"https:\/\/www.zskovarska.cz\/#website","url":"https:\/\/www.zskovarska.cz\/","name":"Z\u0160 a M\u0160 Kov\u00e1\u0159sk\u00e1","description":"","potentialAction":[{"@type":"SearchAction","target":{"@type":"EntryPoint","urlTemplate":"https:\/\/www.zskovarska.cz\/?s={search_term_string}"},"query-input":{"@type":"PropertyValueSpecification","valueRequired":true,"valueName":"search_term_string"}}],"inLanguage":"cs"}]}},"_links":{"self":[{"href":"https:\/\/www.zskovarska.cz\/index.php?rest_route=\/wp\/v2\/pages\/304","targetHints":{"allow":["GET"]}}],"collection":[{"href":"https:\/\/www.zskovarska.cz\/index.php?rest_route=\/wp\/v2\/pages"}],"about":[{"href":"https:\/\/www.zskovarska.cz\/index.php?rest_route=\/wp\/v2\/types\/page"}],"author":[{"embeddable":true,"href":"https:\/\/www.zskovarska.cz\/index.php?rest_route=\/wp\/v2\/users\/1"}],"replies":[{"embeddable":true,"href":"https:\/\/www.zskovarska.cz\/index.php?rest_route=%2Fwp%2Fv2%2Fcomments&post=304"}],"version-history":[{"count":6,"href":"https:\/\/www.zskovarska.cz\/index.php?rest_route=\/wp\/v2\/pages\/304\/revisions"}],"predecessor-version":[{"id":2953,"href":"https:\/\/www.zskovarska.cz\/index.php?rest_route=\/wp\/v2\/pages\/304\/revisions\/2953"}],"wp:attachment":[{"href":"https:\/\/www.zskovarska.cz\/index.php?rest_route=%2Fwp%2Fv2%2Fmedia&parent=304"}],"curies":[{"name":"wp","href":"https:\/\/api.w.org\/{rel}","templated":true}]}}