{"id":7276,"date":"2025-01-28T09:27:34","date_gmt":"2025-01-28T08:27:34","guid":{"rendered":"https:\/\/www.zskovarska.cz\/?page_id=7276"},"modified":"2025-01-28T09:37:28","modified_gmt":"2025-01-28T08:37:28","slug":"rozvrh-hodin","status":"publish","type":"page","link":"https:\/\/www.zskovarska.cz\/?page_id=7276","title":{"rendered":"Rozvrh hodin"},"content":{"rendered":"<p>[et_pb_section fb_built=&#8220;1&#8243; fullwidth=&#8220;on&#8220; _builder_version=&#8220;4.14.2&#8243; _module_preset=&#8220;default&#8220; positioning=&#8220;none&#8220; global_module=&#8220;269&#8243; saved_tabs=&#8220;all&#8220; global_colors_info=&#8220;{}&#8220;][et_pb_fullwidth_image src=&#8220;https:\/\/www.zskovarska.cz\/wp-content\/uploads\/2021\/12\/hlavicka_zskovar.jpg&#8220; title_text=&#8220;hlavi\u010dka_zskovar&#8220; _builder_version=&#8220;4.16&#8243; _module_preset=&#8220;default&#8220; positioning=&#8220;none&#8220; max_width=&#8220;100%&#8220; module_alignment=&#8220;center&#8220; global_colors_info=&#8220;{}&#8220;][\/et_pb_fullwidth_image][et_pb_fullwidth_menu menu_style=&#8220;centered&#8220; fullwidth_menu=&#8220;on&#8220; active_link_color=&#8220;#328916&#8243; dropdown_menu_bg_color=&#8220;#bc9c1c&#8220; dropdown_menu_line_color=&#8220;#418e18&#8243; _builder_version=&#8220;4.16&#8243; _module_preset=&#8220;default&#8220; menu_font=&#8220;ABeeZee|700||on|||||&#8220; menu_text_color=&#8220;#000000&#8243; menu_font_size=&#8220;16px&#8220; background_enable_color=&#8220;off&#8220; use_background_color_gradient=&#8220;on&#8220; background_color_gradient_stops=&#8220;#dae02c 0%|#bc9c1c 100%&#8220; background_color_gradient_start=&#8220;#dae02c&#8220; background_color_gradient_end=&#8220;#bc9c1c&#8220; global_colors_info=&#8220;{}&#8220;][\/et_pb_fullwidth_menu][\/et_pb_section][et_pb_section fb_built=&#8220;1&#8243; _builder_version=&#8220;4.16&#8243; _module_preset=&#8220;default&#8220; top_divider_style=&#8220;slant2&#8243; top_divider_color=&#8220;#bc9c1c&#8220; top_divider_height=&#8220;59px&#8220; global_colors_info=&#8220;{}&#8220;][et_pb_row _builder_version=&#8220;4.27.4&#8243; _module_preset=&#8220;default&#8220; custom_padding=&#8220;54px|||||&#8220; global_colors_info=&#8220;{}&#8220;][et_pb_column type=&#8220;4_4&#8243; _builder_version=&#8220;4.27.4&#8243; _module_preset=&#8220;default&#8220; global_colors_info=&#8220;{}&#8220;][et_pb_text _builder_version=&#8220;4.27.4&#8243; _module_preset=&#8220;default&#8220; hover_enabled=&#8220;0&#8243; global_colors_info=&#8220;{}&#8220; sticky_enabled=&#8220;0&#8243;]<\/p>\n<h2 style=\"text-align: center;\"><strong>Rozvrhy hodin<\/strong><\/h2>\n<p>[\/et_pb_text][\/et_pb_column][\/et_pb_row][et_pb_row _builder_version=&#8220;4.27.4&#8243; _module_preset=&#8220;default&#8220;][et_pb_column _builder_version=&#8220;4.27.4&#8243; _module_preset=&#8220;default&#8220; type=&#8220;4_4&#8243;][et_pb_image src=&#8220;https:\/\/www.zskovarska.cz\/wp-content\/uploads\/2025\/01\/rozvtrid-page-001.jpg&#8220; _builder_version=&#8220;4.27.4&#8243; _module_preset=&#8220;default&#8220; title_text=&#8220;rozvtrid-page-001&#8243; hover_enabled=&#8220;0&#8243; sticky_enabled=&#8220;0&#8243;][\/et_pb_image][et_pb_image src=&#8220;https:\/\/www.zskovarska.cz\/wp-content\/uploads\/2025\/01\/rozvtrid-page-002.jpg&#8220; _builder_version=&#8220;4.27.4&#8243; _module_preset=&#8220;default&#8220; title_text=&#8220;rozvtrid-page-002&#8243; hover_enabled=&#8220;0&#8243; sticky_enabled=&#8220;0&#8243;][\/et_pb_image][et_pb_image src=&#8220;https:\/\/www.zskovarska.cz\/wp-content\/uploads\/2025\/01\/rozvtrid-page-003.jpg&#8220; _builder_version=&#8220;4.27.4&#8243; _module_preset=&#8220;default&#8220; title_text=&#8220;rozvtrid-page-003&#8243; hover_enabled=&#8220;0&#8243; sticky_enabled=&#8220;0&#8243;][\/et_pb_image][et_pb_image src=&#8220;https:\/\/www.zskovarska.cz\/wp-content\/uploads\/2025\/01\/rozvtrid-page-004.jpg&#8220; _builder_version=&#8220;4.27.4&#8243; _module_preset=&#8220;default&#8220; title_text=&#8220;rozvtrid-page-004&#8243; hover_enabled=&#8220;0&#8243; sticky_enabled=&#8220;0&#8243;][\/et_pb_image][et_pb_image src=&#8220;https:\/\/www.zskovarska.cz\/wp-content\/uploads\/2025\/01\/rozvtrid-page-005.jpg&#8220; _builder_version=&#8220;4.27.4&#8243; _module_preset=&#8220;default&#8220; title_text=&#8220;rozvtrid-page-005&#8243; hover_enabled=&#8220;0&#8243; sticky_enabled=&#8220;0&#8243;][\/et_pb_image][et_pb_image src=&#8220;https:\/\/www.zskovarska.cz\/wp-content\/uploads\/2025\/01\/rozvtrid-page-006.jpg&#8220; _builder_version=&#8220;4.27.4&#8243; _module_preset=&#8220;default&#8220; title_text=&#8220;rozvtrid-page-006&#8243; hover_enabled=&#8220;0&#8243; sticky_enabled=&#8220;0&#8243;][\/et_pb_image][et_pb_image src=&#8220;https:\/\/www.zskovarska.cz\/wp-content\/uploads\/2025\/01\/rozvtrid-page-007.jpg&#8220; _builder_version=&#8220;4.27.4&#8243; _module_preset=&#8220;default&#8220; title_text=&#8220;rozvtrid-page-007&#8243; hover_enabled=&#8220;0&#8243; sticky_enabled=&#8220;0&#8243;][\/et_pb_image][et_pb_image src=&#8220;https:\/\/www.zskovarska.cz\/wp-content\/uploads\/2025\/01\/rozvtrid-page-008.jpg&#8220; _builder_version=&#8220;4.27.4&#8243; _module_preset=&#8220;default&#8220; title_text=&#8220;rozvtrid-page-008&#8243; hover_enabled=&#8220;0&#8243; sticky_enabled=&#8220;0&#8243;][\/et_pb_image][et_pb_image src=&#8220;https:\/\/www.zskovarska.cz\/wp-content\/uploads\/2025\/01\/rozvtrid-page-009.jpg&#8220; _builder_version=&#8220;4.27.4&#8243; _module_preset=&#8220;default&#8220; title_text=&#8220;rozvtrid-page-009&#8243; hover_enabled=&#8220;0&#8243; sticky_enabled=&#8220;0&#8243;][\/et_pb_image][\/et_pb_column][\/et_pb_row][\/et_pb_section]<\/p>\n","protected":false},"excerpt":{"rendered":"<p>Rozvrhy hodin<\/p>\n","protected":false},"author":1,"featured_media":0,"parent":0,"menu_order":0,"comment_status":"closed","ping_status":"closed","template":"page-template-blank.php","meta":{"_et_pb_use_builder":"on","_et_pb_old_content":"<!-- wp:divi\/placeholder \/-->","_et_gb_content_width":"","footnotes":""},"class_list":["post-7276","page","type-page","status-publish","hentry"],"yoast_head":"<!-- This site is optimized with the Yoast SEO plugin v27.4 - https:\/\/yoast.com\/product\/yoast-seo-wordpress\/ -->\n<title>Rozvrh hodin - Z\u0160 a M\u0160 Kov\u00e1\u0159sk\u00e1<\/title>\n<meta name=\"robots\" content=\"index, follow, max-snippet:-1, max-image-preview:large, max-video-preview:-1\" \/>\n<link rel=\"canonical\" href=\"https:\/\/www.zskovarska.cz\/?page_id=7276\" \/>\n<meta property=\"og:locale\" content=\"cs_CZ\" \/>\n<meta property=\"og:type\" content=\"article\" \/>\n<meta property=\"og:title\" content=\"Rozvrh hodin - Z\u0160 a M\u0160 Kov\u00e1\u0159sk\u00e1\" \/>\n<meta property=\"og:description\" content=\"Rozvrhy hodin\" \/>\n<meta property=\"og:url\" content=\"https:\/\/www.zskovarska.cz\/?page_id=7276\" \/>\n<meta property=\"og:site_name\" content=\"Z\u0160 a M\u0160 Kov\u00e1\u0159sk\u00e1\" \/>\n<meta property=\"article:modified_time\" content=\"2025-01-28T08:37:28+00:00\" \/>\n<meta name=\"twitter:card\" content=\"summary_large_image\" \/>\n<meta name=\"twitter:label1\" content=\"Odhadovan\u00e1 doba \u010dten\u00ed\" \/>\n\t<meta name=\"twitter:data1\" content=\"1 minuta\" \/>\n<script type=\"application\/ld+json\" class=\"yoast-schema-graph\">{\"@context\":\"https:\\\/\\\/schema.org\",\"@graph\":[{\"@type\":\"WebPage\",\"@id\":\"https:\\\/\\\/www.zskovarska.cz\\\/?page_id=7276\",\"url\":\"https:\\\/\\\/www.zskovarska.cz\\\/?page_id=7276\",\"name\":\"Rozvrh hodin - Z\u0160 a M\u0160 Kov\u00e1\u0159sk\u00e1\",\"isPartOf\":{\"@id\":\"https:\\\/\\\/www.zskovarska.cz\\\/#website\"},\"datePublished\":\"2025-01-28T08:27:34+00:00\",\"dateModified\":\"2025-01-28T08:37:28+00:00\",\"breadcrumb\":{\"@id\":\"https:\\\/\\\/www.zskovarska.cz\\\/?page_id=7276#breadcrumb\"},\"inLanguage\":\"cs\",\"potentialAction\":[{\"@type\":\"ReadAction\",\"target\":[\"https:\\\/\\\/www.zskovarska.cz\\\/?page_id=7276\"]}]},{\"@type\":\"BreadcrumbList\",\"@id\":\"https:\\\/\\\/www.zskovarska.cz\\\/?page_id=7276#breadcrumb\",\"itemListElement\":[{\"@type\":\"ListItem\",\"position\":1,\"name\":\"Dom\u016f\",\"item\":\"https:\\\/\\\/www.zskovarska.cz\\\/\"},{\"@type\":\"ListItem\",\"position\":2,\"name\":\"Rozvrh hodin\"}]},{\"@type\":\"WebSite\",\"@id\":\"https:\\\/\\\/www.zskovarska.cz\\\/#website\",\"url\":\"https:\\\/\\\/www.zskovarska.cz\\\/\",\"name\":\"Z\u0160 a M\u0160 Kov\u00e1\u0159sk\u00e1\",\"description\":\"\",\"potentialAction\":[{\"@type\":\"SearchAction\",\"target\":{\"@type\":\"EntryPoint\",\"urlTemplate\":\"https:\\\/\\\/www.zskovarska.cz\\\/?s={search_term_string}\"},\"query-input\":{\"@type\":\"PropertyValueSpecification\",\"valueRequired\":true,\"valueName\":\"search_term_string\"}}],\"inLanguage\":\"cs\"}]}<\/script>\n<!-- \/ Yoast SEO plugin. -->","yoast_head_json":{"title":"Rozvrh hodin - Z\u0160 a M\u0160 Kov\u00e1\u0159sk\u00e1","robots":{"index":"index","follow":"follow","max-snippet":"max-snippet:-1","max-image-preview":"max-image-preview:large","max-video-preview":"max-video-preview:-1"},"canonical":"https:\/\/www.zskovarska.cz\/?page_id=7276","og_locale":"cs_CZ","og_type":"article","og_title":"Rozvrh hodin - Z\u0160 a M\u0160 Kov\u00e1\u0159sk\u00e1","og_description":"Rozvrhy hodin","og_url":"https:\/\/www.zskovarska.cz\/?page_id=7276","og_site_name":"Z\u0160 a M\u0160 Kov\u00e1\u0159sk\u00e1","article_modified_time":"2025-01-28T08:37:28+00:00","twitter_card":"summary_large_image","twitter_misc":{"Odhadovan\u00e1 doba \u010dten\u00ed":"1 minuta"},"schema":{"@context":"https:\/\/schema.org","@graph":[{"@type":"WebPage","@id":"https:\/\/www.zskovarska.cz\/?page_id=7276","url":"https:\/\/www.zskovarska.cz\/?page_id=7276","name":"Rozvrh hodin - Z\u0160 a M\u0160 Kov\u00e1\u0159sk\u00e1","isPartOf":{"@id":"https:\/\/www.zskovarska.cz\/#website"},"datePublished":"2025-01-28T08:27:34+00:00","dateModified":"2025-01-28T08:37:28+00:00","breadcrumb":{"@id":"https:\/\/www.zskovarska.cz\/?page_id=7276#breadcrumb"},"inLanguage":"cs","potentialAction":[{"@type":"ReadAction","target":["https:\/\/www.zskovarska.cz\/?page_id=7276"]}]},{"@type":"BreadcrumbList","@id":"https:\/\/www.zskovarska.cz\/?page_id=7276#breadcrumb","itemListElement":[{"@type":"ListItem","position":1,"name":"Dom\u016f","item":"https:\/\/www.zskovarska.cz\/"},{"@type":"ListItem","position":2,"name":"Rozvrh hodin"}]},{"@type":"WebSite","@id":"https:\/\/www.zskovarska.cz\/#website","url":"https:\/\/www.zskovarska.cz\/","name":"Z\u0160 a M\u0160 Kov\u00e1\u0159sk\u00e1","description":"","potentialAction":[{"@type":"SearchAction","target":{"@type":"EntryPoint","urlTemplate":"https:\/\/www.zskovarska.cz\/?s={search_term_string}"},"query-input":{"@type":"PropertyValueSpecification","valueRequired":true,"valueName":"search_term_string"}}],"inLanguage":"cs"}]}},"_links":{"self":[{"href":"https:\/\/www.zskovarska.cz\/index.php?rest_route=\/wp\/v2\/pages\/7276","targetHints":{"allow":["GET"]}}],"collection":[{"href":"https:\/\/www.zskovarska.cz\/index.php?rest_route=\/wp\/v2\/pages"}],"about":[{"href":"https:\/\/www.zskovarska.cz\/index.php?rest_route=\/wp\/v2\/types\/page"}],"author":[{"embeddable":true,"href":"https:\/\/www.zskovarska.cz\/index.php?rest_route=\/wp\/v2\/users\/1"}],"replies":[{"embeddable":true,"href":"https:\/\/www.zskovarska.cz\/index.php?rest_route=%2Fwp%2Fv2%2Fcomments&post=7276"}],"version-history":[{"count":5,"href":"https:\/\/www.zskovarska.cz\/index.php?rest_route=\/wp\/v2\/pages\/7276\/revisions"}],"predecessor-version":[{"id":7290,"href":"https:\/\/www.zskovarska.cz\/index.php?rest_route=\/wp\/v2\/pages\/7276\/revisions\/7290"}],"wp:attachment":[{"href":"https:\/\/www.zskovarska.cz\/index.php?rest_route=%2Fwp%2Fv2%2Fmedia&parent=7276"}],"curies":[{"name":"wp","href":"https:\/\/api.w.org\/{rel}","templated":true}]}}